{"id":13526,"date":"2025-02-28T13:42:34","date_gmt":"2025-02-28T12:42:34","guid":{"rendered":"https:\/\/www.denatuurlijkekappershop.nl\/?post_type=product&#038;p=13526"},"modified":"2026-03-10T10:05:47","modified_gmt":"2026-03-10T09:05:47","slug":"zenz-bio-olbehandlung-warme-kamille-nr-98-100-ml","status":"publish","type":"product","link":"https:\/\/www.denatuurlijkekappershop.nl\/de\/zenz-organic-oil-treatment-warm-camomile-no-98-100-ml\/","title":{"rendered":"ZENZ Bio - \u00d6lbehandlung warme Kamille Nr. 98 (100 ml)"},"content":{"rendered":"<p><strong>ZENZ Bio-\u00d6lbehandlung Warme Kamille Nr. 98<\/strong> ist ein multifunktionales \u00d6l f\u00fcr Haut und Haare. Seine Formel enth\u00e4lt Bio-Avocado\u00f6l und Aprikosenkern\u00f6l, die f\u00fcr ihre pflegenden Eigenschaften bekannt sind.<\/p>\n<p>Der warme Duft von Benzoe, Patchouli, Kamille und Bergamotte verleiht dem \u00d6l ein weiches und luxuri\u00f6ses Dufterlebnis. Das \u00d6l kann auf verschiedene Weise verwendet werden, zum Beispiel als Haar\u00f6l, Hautpflege oder als Teil einer w\u00f6chentlichen Haarkur.<\/p>\n<p>Die leichte Textur macht das Haar geschmeidiger und gl\u00e4nzender, ohne es zu beschweren. Es kann auch als Hautpflege\u00f6l verwendet werden.<\/p>\n<p>Dank seiner vielseitigen Anwendungsm\u00f6glichkeiten ist dieses \u00d6l ideal f\u00fcr alle, die ein nat\u00fcrliches Produkt f\u00fcr mehrere Hautpflegemomente suchen.<\/p>\n<p><strong>Wesentliche Merkmale:<\/strong><\/p>\n<ul>\n<li>Multifunktionales \u00d6l f\u00fcr Haare und Haut<\/li>\n<li>Mit Bio-Avocado\u00f6l und Aprikosenkern\u00f6l<\/li>\n<li>Warmer Duft von Benzoe, Patchouli, Kamille und Bergamotte<\/li>\n<li>Sorgt daf\u00fcr, dass Haare und Haut sich weich und geschmeidig anf\u00fchlen<\/li>\n<li>Leichtes \u00d6l, das das Haar nicht beschwert<\/li>\n<li>Geeignet als Haar\u00f6l, Behandlung oder Haut\u00f6l<\/li>\n<li>Inhalt: 100 ml<\/li>\n<\/ul>","protected":false},"excerpt":{"rendered":"<p>Vielseitiges \u00d6l f\u00fcr Haar und Haut mit einem warmen Duft von Benzoe, Patchouli, Kamille und Bergamotte. Die pflegenden \u00d6le sorgen daf\u00fcr, dass sich Haare und Haut weich und geschmeidig anf\u00fchlen.<\/p>","protected":false},"featured_media":15364,"comment_status":"open","ping_status":"closed","template":"","meta":{"_acf_changed":false,"_joinchat":[]},"product_brand":[603],"product_cat":[415,417,419,198,413],"product_tag":[560,562],"class_list":{"0":"post-13526","1":"product","2":"type-product","3":"status-publish","4":"has-post-thumbnail","6":"product_brand-zenz-organic","7":"product_cat-haarverzorging","8":"product_cat-conditioner-en-masker","9":"product_cat-hoofdhuidverzorging","10":"product_cat-merken","11":"product_cat-zenz-organic","12":"product_tag-anti-roos","13":"product_tag-gevoeligehoofdhuid","14":"pa_certificering-ecocert","15":"pa_certificering-vegan-friendly","16":"pa_geschikt-voor-curly-girl","17":"pa_geschikt-voor-dik-haar","18":"pa_geschikt-voor-elk-haartype","19":"pa_geschikt-voor-geirriteerde-hoofdhuid","20":"pa_geschikt-voor-gespleten-haarpunten","21":"pa_geschikt-voor-glans","22":"pa_geschikt-voor-krullen","23":"pa_geschikt-voor-lang-haar","24":"pa_inhoud-100ml","25":"pa_merk-zenz-organic","26":"pa_soort-product-haarverzorging","27":"pa_soort-product-oil-treatments","29":"first","30":"instock","31":"taxable","32":"shipping-taxable","33":"purchasable","34":"product-type-simple"},"exclude_global_add_ons":[],"addons":[],"acf":[],"_links":{"self":[{"href":"https:\/\/www.denatuurlijkekappershop.nl\/de\/wp-json\/wp\/v2\/product\/13526","targetHints":{"allow":["GET"]}}],"collection":[{"href":"https:\/\/www.denatuurlijkekappershop.nl\/de\/wp-json\/wp\/v2\/product"}],"about":[{"href":"https:\/\/www.denatuurlijkekappershop.nl\/de\/wp-json\/wp\/v2\/types\/product"}],"replies":[{"embeddable":true,"href":"https:\/\/www.denatuurlijkekappershop.nl\/de\/wp-json\/wp\/v2\/comments?post=13526"}],"wp:featuredmedia":[{"embeddable":true,"href":"https:\/\/www.denatuurlijkekappershop.nl\/de\/wp-json\/wp\/v2\/media\/15364"}],"wp:attachment":[{"href":"https:\/\/www.denatuurlijkekappershop.nl\/de\/wp-json\/wp\/v2\/media?parent=13526"}],"wp:term":[{"taxonomy":"product_brand","embeddable":true,"href":"https:\/\/www.denatuurlijkekappershop.nl\/de\/wp-json\/wp\/v2\/product_brand?post=13526"},{"taxonomy":"product_cat","embeddable":true,"href":"https:\/\/www.denatuurlijkekappershop.nl\/de\/wp-json\/wp\/v2\/product_cat?post=13526"},{"taxonomy":"product_tag","embeddable":true,"href":"https:\/\/www.denatuurlijkekappershop.nl\/de\/wp-json\/wp\/v2\/product_tag?post=13526"}],"curies":[{"name":"wp","href":"https:\/\/api.w.org\/{rel}","templated":true}]}}