{"id":13524,"date":"2025-02-28T13:31:30","date_gmt":"2025-02-28T12:31:30","guid":{"rendered":"https:\/\/www.denatuurlijkekappershop.nl\/?post_type=product&#038;p=13524"},"modified":"2026-04-07T12:56:29","modified_gmt":"2026-04-07T10:56:29","slug":"rc-light-feuchtigkeitsspendendes-shampoo-250ml","status":"publish","type":"product","link":"https:\/\/www.denatuurlijkekappershop.nl\/de\/rc-light-hydration-shampoo-250ml\/","title":{"rendered":"R&amp;C Leichtes Feuchtigkeitsshampoo 250ml"},"content":{"rendered":"<p>Diese <strong>Ecocert-zertifiziertes R&amp;C Shampoo f\u00fcr leichte Hydratation 250ml<\/strong> ist ein mildes, sulfatfreies Shampoo, das das Haar sanft reinigt. Die Formel hilft, Produktr\u00fcckst\u00e4nde und Unreinheiten aus dem Haar zu entfernen, w\u00e4hrend das Haar sich frisch und luftig anf\u00fchlt.<\/p>\n<p>Das Shampoo ist f\u00fcr alle Haartypen geeignet, besonders aber f\u00fcr Haare, die zus\u00e4tzliches Volumen ben\u00f6tigen. Das Haar gewinnt an F\u00fclle und Sprungkraft, ohne sich schwer anzuf\u00fchlen.<\/p>\n<p>Dank seiner konzentrierten Formel ist das Shampoo sparsam in der Anwendung und Sie ben\u00f6tigen nur eine kleine Menge f\u00fcr eine effektive Reinigung. Die milde Zusammensetzung macht das Shampoo f\u00fcr den regelm\u00e4\u00dfigen Gebrauch geeignet.<\/p>\n<p><strong>Wesentliche Merkmale:<\/strong><\/p>\n<ul>\n<li>Ecocert-zertifiziertes Shampoo<\/li>\n<li>Milde, sulfatfreie Formel<\/li>\n<li>Geeignet f\u00fcr alle Haartypen<\/li>\n<li>Ideal f\u00fcr Haar, das zus\u00e4tzliches Volumen braucht<\/li>\n<li>Reinigt das Haar sanft<\/li>\n<li>Konzentrierte Formel, sparsam im Verbrauch<\/li>\n<li>Geeignet f\u00fcr den regelm\u00e4\u00dfigen Gebrauch<\/li>\n<\/ul>","protected":false},"excerpt":{"rendered":"<p>Ecocert-zertifiziertes, mildes und sulfatfreies Shampoo. Reinigt das Haar sanft und ist f\u00fcr alle Haartypen geeignet, insbesondere f\u00fcr Haar, das mehr Volumen und Leichtigkeit gebrauchen k\u00f6nnte.<\/p>","protected":false},"featured_media":15314,"comment_status":"open","ping_status":"closed","template":"","meta":{"_acf_changed":false,"_joinchat":[]},"product_brand":[598],"product_cat":[415,198,410,416],"product_tag":[562],"class_list":{"0":"post-13524","1":"product","2":"type-product","3":"status-publish","4":"has-post-thumbnail","6":"product_brand-rodolphe-co","7":"product_cat-haarverzorging","8":"product_cat-merken","9":"product_cat-rodolphe-co","10":"product_cat-shampoo","11":"product_tag-gevoeligehoofdhuid","12":"pa_certificering-1-for-the-planet","13":"pa_certificering-cosmebio","14":"pa_certificering-ecocert","15":"pa_geschikt-voor-curly-girl","16":"pa_geschikt-voor-elk-haartype","17":"pa_geschikt-voor-fijn-dun-haar","18":"pa_geschikt-voor-gevoelige-hoofdhuid","19":"pa_geschikt-voor-vet-haar-hoofdhuid","20":"pa_geschikt-voor-volume","21":"pa_inhoud-250ml","22":"pa_merk-rodolphe-co","23":"pa_soort-product-shampoo","25":"first","26":"instock","27":"taxable","28":"shipping-taxable","29":"purchasable","30":"product-type-simple"},"exclude_global_add_ons":[],"addons":[],"acf":[],"_links":{"self":[{"href":"https:\/\/www.denatuurlijkekappershop.nl\/de\/wp-json\/wp\/v2\/product\/13524","targetHints":{"allow":["GET"]}}],"collection":[{"href":"https:\/\/www.denatuurlijkekappershop.nl\/de\/wp-json\/wp\/v2\/product"}],"about":[{"href":"https:\/\/www.denatuurlijkekappershop.nl\/de\/wp-json\/wp\/v2\/types\/product"}],"replies":[{"embeddable":true,"href":"https:\/\/www.denatuurlijkekappershop.nl\/de\/wp-json\/wp\/v2\/comments?post=13524"}],"wp:featuredmedia":[{"embeddable":true,"href":"https:\/\/www.denatuurlijkekappershop.nl\/de\/wp-json\/wp\/v2\/media\/15314"}],"wp:attachment":[{"href":"https:\/\/www.denatuurlijkekappershop.nl\/de\/wp-json\/wp\/v2\/media?parent=13524"}],"wp:term":[{"taxonomy":"product_brand","embeddable":true,"href":"https:\/\/www.denatuurlijkekappershop.nl\/de\/wp-json\/wp\/v2\/product_brand?post=13524"},{"taxonomy":"product_cat","embeddable":true,"href":"https:\/\/www.denatuurlijkekappershop.nl\/de\/wp-json\/wp\/v2\/product_cat?post=13524"},{"taxonomy":"product_tag","embeddable":true,"href":"https:\/\/www.denatuurlijkekappershop.nl\/de\/wp-json\/wp\/v2\/product_tag?post=13524"}],"curies":[{"name":"wp","href":"https:\/\/api.w.org\/{rel}","templated":true}]}}