{"id":13381,"date":"2025-01-17T11:33:43","date_gmt":"2025-01-17T10:33:43","guid":{"rendered":"https:\/\/www.denatuurlijkekappershop.nl\/?post_type=product&#038;p=13381"},"modified":"2026-03-10T10:09:39","modified_gmt":"2026-03-10T09:09:39","slug":"cera-pro-bldc-haartrockner-pastellgrun","status":"publish","type":"product","link":"https:\/\/www.denatuurlijkekappershop.nl\/de\/cera-pro-bldc-haardroger-pastel-groen\/","title":{"rendered":"CERA Pro BLDC Haartrockner pastellgr\u00fcn"},"content":{"rendered":"<p><strong>CERA Pro BLDC Haartrockner - pastellgr\u00fcn<\/strong> ist ein leichter und leistungsstarker Haartrockner, der sowohl f\u00fcr den professionellen als auch f\u00fcr den privaten Gebrauch geeignet ist. Dank des modernen BLDC-Motors liefert dieser Haartrockner einen starken Luftstrom und liegt dabei angenehm in der Hand.<\/p>\n<p>Der Haartrockner hat ein schlankes und kompaktes Design mit einfacher Bedienung. Auf der R\u00fcckseite befindet sich ein intelligenter Lichtring, der je nach Temperatureinstellung die Farbe wechselt. So k\u00f6nnen Sie auf einen Blick sehen, welche Einstellung Sie gerade verwenden: von Kaltluft bis hin zu verschiedenen W\u00e4rmeeinstellungen.<\/p>\n<p>Der CERA Pro BLDC-Haartrockner ist mit magnetischen Aufs\u00e4tzen ausgestattet, die leicht zu wechseln sind. So k\u00f6nnen Sie schnell zwischen verschiedenen Stylingtechniken wechseln, z. B. gezieltes Trocknen oder Volumen mit dem Diffusor erzeugen.<\/p>\n<p>Durch sein geringes Gewicht und sein ergonomisches Design ist dieser Haartrockner auch bei l\u00e4ngerem F\u00f6hnen oder Stylen angenehm zu bedienen.<\/p>\n<p><strong>Wesentliche Merkmale:<\/strong><\/p>\n<ul>\n<li>Leichter BLDC-Haartrockner<\/li>\n<li>Starker Luftstrom f\u00fcr schnelles Trocknen<\/li>\n<li>Ergonomisches und komfortables Design<\/li>\n<li>Leuchtring zur Anzeige der Temperatureinstellung<\/li>\n<li>Magnetische Befestigungen<\/li>\n<li>Inklusive Diffusor<\/li>\n<li>2 Stylingd\u00fcsen f\u00fcr verschiedene Stylingtechniken<\/li>\n<li>Automatische Reinigungsfunktion<\/li>\n<li>Modernes pastellgr\u00fcnes Design<\/li>\n<\/ul>\n<p><strong>Packungsinhalt:<\/strong><\/p>\n<ul>\n<li>1 \u00d7 CERA Pro BLDC-Haartrockner<\/li>\n<li>1 \u00d7 Diffusor<\/li>\n<li>2 \u00d7 Magnetd\u00fcsen<\/li>\n<\/ul>\n<p><strong>Automatische Reinigungsfunktion<\/strong><br \/>\nDer Trockner ist mit einer automatischen Reinigungsfunktion ausgestattet. Schalten Sie den Trockner aus und dr\u00fccken Sie dann die Temperaturtaste drei Sekunden lang, um den Reinigungsmodus zu aktivieren.<\/p>\n<p><strong>Beobachten Sie den Haartrockner in Aktion:<\/strong><\/p>\n<p><div class=\"video-container\"><iframe title=\"Cera Pro BLDC Haartrockner - Technische Merkmale\" width=\"1170\" height=\"658\" src=\"https:\/\/www.youtube.com\/embed\/OmTbPCuzBZc?feature=oembed\" frameborder=\"0\" allow=\"accelerometer; autoplay; clipboard-write; encrypted-media; gyroscope; picture-in-picture; web-share\" referrerpolicy=\"strict-origin-when-cross-origin\" allowfullscreen><\/iframe><\/div><\/p>","protected":false},"excerpt":{"rendered":"<p>Leichter und leistungsstarker BLDC-Haartrockner mit magnetischen Aufs\u00e4tzen und Diffusor. Der intelligente Lichtring zeigt sofort an, welche Temperatureinstellung aktiv ist. Geeignet f\u00fcr den t\u00e4glichen Gebrauch und professionelles Styling.<\/p>","protected":false},"featured_media":15470,"comment_status":"open","ping_status":"closed","template":"","meta":{"_acf_changed":false,"_joinchat":[]},"product_brand":[],"product_cat":[123,425],"product_tag":[],"class_list":{"0":"post-13381","1":"product","2":"type-product","3":"status-publish","4":"has-post-thumbnail","6":"product_cat-acties","7":"product_cat-accessoires","9":"first","10":"instock","11":"sale","12":"taxable","13":"shipping-taxable","14":"purchasable","15":"product-type-simple"},"exclude_global_add_ons":[],"addons":[],"acf":[],"_links":{"self":[{"href":"https:\/\/www.denatuurlijkekappershop.nl\/de\/wp-json\/wp\/v2\/product\/13381","targetHints":{"allow":["GET"]}}],"collection":[{"href":"https:\/\/www.denatuurlijkekappershop.nl\/de\/wp-json\/wp\/v2\/product"}],"about":[{"href":"https:\/\/www.denatuurlijkekappershop.nl\/de\/wp-json\/wp\/v2\/types\/product"}],"replies":[{"embeddable":true,"href":"https:\/\/www.denatuurlijkekappershop.nl\/de\/wp-json\/wp\/v2\/comments?post=13381"}],"wp:featuredmedia":[{"embeddable":true,"href":"https:\/\/www.denatuurlijkekappershop.nl\/de\/wp-json\/wp\/v2\/media\/15470"}],"wp:attachment":[{"href":"https:\/\/www.denatuurlijkekappershop.nl\/de\/wp-json\/wp\/v2\/media?parent=13381"}],"wp:term":[{"taxonomy":"product_brand","embeddable":true,"href":"https:\/\/www.denatuurlijkekappershop.nl\/de\/wp-json\/wp\/v2\/product_brand?post=13381"},{"taxonomy":"product_cat","embeddable":true,"href":"https:\/\/www.denatuurlijkekappershop.nl\/de\/wp-json\/wp\/v2\/product_cat?post=13381"},{"taxonomy":"product_tag","embeddable":true,"href":"https:\/\/www.denatuurlijkekappershop.nl\/de\/wp-json\/wp\/v2\/product_tag?post=13381"}],"curies":[{"name":"wp","href":"https:\/\/api.w.org\/{rel}","templated":true}]}}