{"id":13321,"date":"2024-12-24T16:45:21","date_gmt":"2024-12-24T15:45:21","guid":{"rendered":"https:\/\/www.denatuurlijkekappershop.nl\/?post_type=product&#038;p=13321"},"modified":"2026-03-10T10:17:28","modified_gmt":"2026-03-10T09:17:28","slug":"zenz-bio-farbe-fur-1-tag-volumen-boost-nr-36-rotbraun","status":"publish","type":"product","link":"https:\/\/www.denatuurlijkekappershop.nl\/de\/zenz-organic-kleur-voor-1-dag-volume-boost-nr-36-roodbruin\/","title":{"rendered":"ZENZ Bio - Farbe f\u00fcr 1 Tag &amp; Volumen-Boost kastanienbraun\/r\u00f6tlichbraun Nr. 36"},"content":{"rendered":"<p>Dieses farbige Haarpuder mit nat\u00fcrlichen Pflanzenfasern verleiht sofort sichtbares Volumen und hilft, das Erscheinungsbild der Kopfhaut bei d\u00fcnnerem Haar optisch zu reduzieren. Das Produkt ist v\u00f6llig parf\u00fcmfrei, enth\u00e4lt keine \u00e4therischen \u00d6le und ist vegan, sodass es auch f\u00fcr empfindliche Kopfhaut und duftempfindliche Personen geeignet ist.<\/p>\n<p>Die mikroskopisch kleinen Pflanzenfasern und Farbpigmente verschmelzen mit dem Eigenhaar und lassen das Haar optisch voller und dicker erscheinen. Die Fasern legen sich um die Haarstr\u00e4hnen, wodurch ein nat\u00fcrlicher Volumeneffekt entsteht und d\u00fcnner werdendes Haar oder Haarwuchs weniger sichtbar wird.<\/p>\n<p>Der Haarpuder hat au\u00dferdem \u00f6labsorbierende Eigenschaften, wodurch das Haar l\u00e4nger frisch bleibt und nicht so schnell fettig aussieht. Das Produkt ist einfach zu verwenden und f\u00fchlt sich leicht an, ohne zu kleben oder R\u00fcckst\u00e4nde zu hinterlassen.<\/p>\n<p>Perfekt f\u00fcr den t\u00e4glichen Gebrauch oder wenn Sie Ihrem Haar schnell Volumen und eine vollere Frisur verleihen m\u00f6chten.<\/p>\n<p><strong>Wesentliche Merkmale:<\/strong><\/p>\n<ul>\n<li>Farbiges Haarpuder mit nat\u00fcrlichen Pflanzenfasern<\/li>\n<li>Verleiht dem Haar sofort mehr Volumen und ein volleres Aussehen<\/li>\n<li>Macht sch\u00fctteres Haar und Haarwuchs optisch weniger sichtbar<\/li>\n<li>Parf\u00fcmfrei und ohne \u00e4therische \u00d6le<\/li>\n<li>Vegan<\/li>\n<li>\u00d6labsorbierend f\u00fcr ein frisches Aussehen<\/li>\n<li>Einfache Anwendung und lang anhaltende Ergebnisse<\/li>\n<li>Nat\u00fcrliche Wirkung ohne sichtbare R\u00fcckst\u00e4nde<\/li>\n<\/ul>","protected":false},"excerpt":{"rendered":"<p>Volume Hair Powder No. 36 Red Brown verleiht dem Haar Volumen und hilft, die Kopfhaut bei d\u00fcnnerem Haar optisch weniger sichtbar zu machen.<\/p>","protected":false},"featured_media":15372,"comment_status":"open","ping_status":"closed","template":"","meta":{"_acf_changed":false,"_joinchat":[]},"product_brand":[603],"product_cat":[413,198,430,112],"product_tag":[],"class_list":{"0":"post-13321","1":"product","2":"type-product","3":"status-publish","4":"has-post-thumbnail","6":"product_brand-zenz-organic","7":"product_cat-zenz-organic","8":"product_cat-merken","9":"product_cat-styling","10":"product_cat-stylingold","11":"pa_certificering-cruelty-free","12":"pa_certificering-vegan","13":"pa_geschikt-voor-elk-haartype","14":"pa_geschikt-voor-volume","15":"pa_inhoud-25g","16":"pa_merk-zenz-organic","17":"pa_soort-product-styling","19":"first","20":"instock","21":"taxable","22":"shipping-taxable","23":"purchasable","24":"product-type-simple"},"exclude_global_add_ons":[],"addons":[],"acf":[],"_links":{"self":[{"href":"https:\/\/www.denatuurlijkekappershop.nl\/de\/wp-json\/wp\/v2\/product\/13321","targetHints":{"allow":["GET"]}}],"collection":[{"href":"https:\/\/www.denatuurlijkekappershop.nl\/de\/wp-json\/wp\/v2\/product"}],"about":[{"href":"https:\/\/www.denatuurlijkekappershop.nl\/de\/wp-json\/wp\/v2\/types\/product"}],"replies":[{"embeddable":true,"href":"https:\/\/www.denatuurlijkekappershop.nl\/de\/wp-json\/wp\/v2\/comments?post=13321"}],"wp:featuredmedia":[{"embeddable":true,"href":"https:\/\/www.denatuurlijkekappershop.nl\/de\/wp-json\/wp\/v2\/media\/15372"}],"wp:attachment":[{"href":"https:\/\/www.denatuurlijkekappershop.nl\/de\/wp-json\/wp\/v2\/media?parent=13321"}],"wp:term":[{"taxonomy":"product_brand","embeddable":true,"href":"https:\/\/www.denatuurlijkekappershop.nl\/de\/wp-json\/wp\/v2\/product_brand?post=13321"},{"taxonomy":"product_cat","embeddable":true,"href":"https:\/\/www.denatuurlijkekappershop.nl\/de\/wp-json\/wp\/v2\/product_cat?post=13321"},{"taxonomy":"product_tag","embeddable":true,"href":"https:\/\/www.denatuurlijkekappershop.nl\/de\/wp-json\/wp\/v2\/product_tag?post=13321"}],"curies":[{"name":"wp","href":"https:\/\/api.w.org\/{rel}","templated":true}]}}