{"id":13064,"date":"2024-11-23T16:07:28","date_gmt":"2024-11-23T15:07:28","guid":{"rendered":"https:\/\/www.denatuurlijkekappershop.nl\/?post_type=product&#038;p=13064"},"modified":"2026-04-01T19:17:06","modified_gmt":"2026-04-01T17:17:06","slug":"seine-reine-neutrale-farbe-fur-straffendes-glanzvolumen-100g","status":"publish","type":"product","link":"https:\/\/www.denatuurlijkekappershop.nl\/de\/its-pure-neutrale-kleur-voor-versteviging-glans-volume-100g\/","title":{"rendered":"Pure neutrale Farbe f\u00fcr Festigkeit, Glanz und Volumen 100g"},"content":{"rendered":"<p><strong>Es ist eine reine neutrale Farbe f\u00fcr Festigkeit, Glanz und Volumen (Neutral Cassia)<\/strong> ist eine 100% nat\u00fcrliche Haarbehandlung auf der Basis von Bio-Kassia. Diese Pflanze, die auch als neutrales Henna bekannt ist, pflegt das Haar intensiv und verleiht ihm sichtbar mehr Volumen, Kraft und nat\u00fcrlichen Glanz, ohne das Haar zu f\u00e4rben.<\/p>\n<p>Cassia bildet eine d\u00fcnne Schicht um jede Haarstr\u00e4hne. Dadurch f\u00fchlt sich das Haar voller an, erh\u00e4lt mehr F\u00fclle und reflektiert das Licht besser, wodurch ein gesunder und lebendiger Glanz entsteht. Besonders feines, schlaffes oder lebloses Haar f\u00fchlt sich dadurch voller und widerstandsf\u00e4higer an.<\/p>\n<p>Cassia pflegt nicht nur das Haar, sondern sorgt auch f\u00fcr ein frisches und gepflegtes Gef\u00fchl auf der Kopfhaut. Die Behandlung ist f\u00fcr ihre milden und pflegenden Eigenschaften bekannt und kann zu einer angenehmen Kopfhaut beitragen.<\/p>\n<p>Diese neutrale Pflanzenf\u00e4rbung ist ideal f\u00fcr alle, die ihrem Haar Volumen und Glanz verleihen m\u00f6chten, ohne die Farbe zu ver\u00e4ndern. Das Haar f\u00fchlt sich nach der Behandlung voller, kr\u00e4ftiger und besser frisierbar an.<\/p>\n<p>Die Formel besteht aus <strong>100% Bio-zertifizierte Kassia<\/strong>, ohne synthetische Zusatzstoffe. Geeignet f\u00fcr eine bewusste und nat\u00fcrliche Haarpflege-Routine.<\/p>\n<p><strong>Wesentliche Merkmale:<\/strong><\/p>\n<ul>\n<li>100% nat\u00fcrliche Haarbehandlung mit Cassia<\/li>\n<li>Verleiht Volumen, Festigkeit und nat\u00fcrlichen Glanz<\/li>\n<li>F\u00e4rbt das Haar nicht<\/li>\n<li>Ideal f\u00fcr feines, schlaffes oder lebloses Haar<\/li>\n<li>Verleiht dem Haar mehr F\u00fclle und St\u00e4rke<\/li>\n<li>Sorgt f\u00fcr ein frisches und gepflegtes Gef\u00fchl auf der Kopfhaut<\/li>\n<li>100% Bio und vegan<\/li>\n<\/ul>","protected":false},"excerpt":{"rendered":"<p><strong>Diese neutrale It's Pure Farbe f\u00fcr Festigkeit, Glanz und Volumen enth\u00e4lt:<\/strong><br \/>\n1x It's Pure Herbal Hair Treatment<br \/>\n1x Handschuhe<br \/>\n1x Farbkappe<br \/>\n1x Gebrauchsanweisung<\/p>","protected":false},"featured_media":15216,"comment_status":"open","ping_status":"closed","template":"","meta":{"_acf_changed":false,"_joinchat":[]},"product_brand":[607],"product_cat":[421,419,396,198],"product_tag":[],"class_list":{"0":"post-13064","1":"product","2":"type-product","3":"status-publish","4":"has-post-thumbnail","6":"product_brand-its-pure-organics","7":"product_cat-plantenkleuring","8":"product_cat-hoofdhuidverzorging","9":"product_cat-its-pure-organics","10":"product_cat-merken","11":"pa_certificering-100-natuurlijk","12":"pa_certificering-biologisch-gecertificeerd","13":"pa_geschikt-voor-elk-haartype","14":"pa_geschikt-voor-futloos-en-slap-haar","15":"pa_geschikt-voor-gekleurd-haar","16":"pa_geschikt-voor-gevoelige-hoofdhuid","17":"pa_geschikt-voor-volume","18":"pa_inhoud-100g","19":"pa_merk-its-pure-organics","21":"first","22":"instock","23":"taxable","24":"shipping-taxable","25":"purchasable","26":"product-type-simple"},"exclude_global_add_ons":false,"addons":[{"name":"Auch n\u00fctzlich mit diesem Produkt","type":"checkbox","position":0,"required":false,"title_format":"label","default":"","description_enable":false,"description":"","placeholder_enable":false,"placeholder":"","display":"select","restrictions_type":"any_text","adjust_price":false,"price":"","price_type":"flat_fee","restrictions":false,"min":"0","max":"0","options":[{"label":"Greenleaf Conditioner 250ml","price":"34.90","price_type":"flat_fee","image":0,"visibility":true},{"label":"Greenleaf Minerale Shampoo 50gr.","price":"29.95","price_type":"flat_fee","image":0,"visibility":true},{"label":"Bamboe verfsetje","price":"21.50","price_type":"flat_fee","image":0,"visibility":true},{"label":"Handschoenen - Uitwasbaar & herbruikbaar","price":"5.50","price_type":"flat_fee","image":0,"visibility":true},{"label":"Muts - Uitwasbaar & herbruikbaar","price":"20.90","price_type":"flat_fee","image":0,"visibility":true},{"label":"Bio Hair Bamboe-Haarband","price":"18.50","price_type":"flat_fee","image":0,"visibility":true}],"id":1732376973},{"name":"Ich habe die folgende Produktbeschreibung gelesen und bin damit einverstanden","type":"checkbox","position":1,"required":true,"title_format":"label","default":"","description_enable":false,"description":"","placeholder_enable":false,"placeholder":"","display":"select","restrictions_type":"any_text","adjust_price":false,"price":"","price_type":"flat_fee","restrictions":false,"min":"0","max":"0","options":[{"label":"Ja","price":"","price_type":"flat_fee","image":0,"visibility":true}],"id":1732377475}],"acf":[],"_links":{"self":[{"href":"https:\/\/www.denatuurlijkekappershop.nl\/de\/wp-json\/wp\/v2\/product\/13064","targetHints":{"allow":["GET"]}}],"collection":[{"href":"https:\/\/www.denatuurlijkekappershop.nl\/de\/wp-json\/wp\/v2\/product"}],"about":[{"href":"https:\/\/www.denatuurlijkekappershop.nl\/de\/wp-json\/wp\/v2\/types\/product"}],"replies":[{"embeddable":true,"href":"https:\/\/www.denatuurlijkekappershop.nl\/de\/wp-json\/wp\/v2\/comments?post=13064"}],"wp:featuredmedia":[{"embeddable":true,"href":"https:\/\/www.denatuurlijkekappershop.nl\/de\/wp-json\/wp\/v2\/media\/15216"}],"wp:attachment":[{"href":"https:\/\/www.denatuurlijkekappershop.nl\/de\/wp-json\/wp\/v2\/media?parent=13064"}],"wp:term":[{"taxonomy":"product_brand","embeddable":true,"href":"https:\/\/www.denatuurlijkekappershop.nl\/de\/wp-json\/wp\/v2\/product_brand?post=13064"},{"taxonomy":"product_cat","embeddable":true,"href":"https:\/\/www.denatuurlijkekappershop.nl\/de\/wp-json\/wp\/v2\/product_cat?post=13064"},{"taxonomy":"product_tag","embeddable":true,"href":"https:\/\/www.denatuurlijkekappershop.nl\/de\/wp-json\/wp\/v2\/product_tag?post=13064"}],"curies":[{"name":"wp","href":"https:\/\/api.w.org\/{rel}","templated":true}]}}