{"id":12885,"date":"2024-08-27T11:12:40","date_gmt":"2024-08-27T09:12:40","guid":{"rendered":"https:\/\/www.denatuurlijkekappershop.nl\/?post_type=product&#038;p=12885"},"modified":"2026-03-10T10:36:48","modified_gmt":"2026-03-10T09:36:48","slug":"coeurl-maske","status":"publish","type":"product","link":"https:\/\/www.denatuurlijkekappershop.nl\/de\/coeurl-masker\/","title":{"rendered":"Coeurl Lockenmaske 250ml"},"content":{"rendered":"<p>Die <strong>Lockenmaske<\/strong> hilft, das Haar zu konditionieren und unterst\u00fctzt die Spannkraft von lockigem Haar. Die reichhaltige Formel macht das Haar weicher, leichter k\u00e4mmbar und pflegt es sp\u00fcrbar. Die Maske ist ideal f\u00fcr die Anwendung nach dem Coeurl Texturising Shampoo f\u00fcr ein komplettes Pflegeritual.<\/p>\n<p>Die Formel enth\u00e4lt pflegende Inhaltsstoffe wie <strong>Wasserlilie, Sheabutter, Aloe vera, Mangobutter und Leinsamen<\/strong>. Diese Inhaltsstoffe spenden Feuchtigkeit, pflegen das Haar und unterst\u00fctzen die nat\u00fcrliche Elastizit\u00e4t der Locken. Das Haar f\u00fchlt sich geschmeidiger an und erh\u00e4lt einen sch\u00f6nen Glanz und eine definierte Lockenstruktur.<\/p>\n<p>Dank ihrer konzentrierten Formulierung ist die Maske sparsam in der Anwendung und Sie ben\u00f6tigen nur eine kleine Menge f\u00fcr intensive Pflegeergebnisse. Ihr pH-Wert von 4,0 bis 4,5 hilft, das nat\u00fcrliche Gleichgewicht von Haar und Kopfhaut zu erhalten.<\/p>\n<p><strong>Wesentliche Merkmale:<\/strong><\/p>\n<ul>\n<li>Hilft bei der Pflege von lockigem Haar<\/li>\n<li>Erleichtert das Entwirren und K\u00e4mmen<\/li>\n<li>Ideal in Kombination mit dem Coeurl Texturising Shampoo<\/li>\n<li>Wasserlilie, Sheabutter, Aloe vera, Mangobutter und Leinsamen<\/li>\n<li>Feuchtigkeitsspendende und n\u00e4hrende Formel<\/li>\n<li>Unterst\u00fctzt die Definition und Elastizit\u00e4t von Locken<\/li>\n<li>Konzentriert und wirtschaftlich in der Anwendung<\/li>\n<li>Unterst\u00fctzt das nat\u00fcrliche Haargleichgewicht<\/li>\n<li>pH-Wert 4,0 - 4,5<\/li>\n<\/ul>","protected":false},"excerpt":{"rendered":"<p>Die Coeurl Curl Mask sollte nach jeder Haarw\u00e4sche angewendet werden, um das Haar intensiv zu pflegen und die Locken elastisch zu halten.<\/p>","protected":false},"featured_media":15438,"comment_status":"open","ping_status":"closed","template":"","meta":{"_acf_changed":false,"_joinchat":[]},"product_brand":[596],"product_cat":[429,417,198],"product_tag":[],"class_list":{"0":"post-12885","1":"product","2":"type-product","3":"status-publish","4":"has-post-thumbnail","6":"product_brand-coeurl","7":"product_cat-coeurl","8":"product_cat-conditioner-en-masker","9":"product_cat-merken","10":"pa_certificering-1-for-the-planet","11":"pa_certificering-vegan-friendly","12":"pa_geschikt-voor-glans","13":"pa_geschikt-voor-kort-haar","14":"pa_geschikt-voor-krullen","15":"pa_geschikt-voor-lang-haar","16":"pa_geschikt-voor-ontwarren","17":"pa_geschikt-voor-textuur","18":"pa_geschikt-voor-verzorgend-herstellend","19":"pa_geschikt-voor-voedend","20":"pa_inhoud-250ml","21":"pa_merk-rodolphe-co","22":"pa_soort-product-haarverzorging","24":"first","25":"instock","26":"taxable","27":"shipping-taxable","28":"purchasable","29":"product-type-simple"},"exclude_global_add_ons":[],"addons":[],"acf":[],"_links":{"self":[{"href":"https:\/\/www.denatuurlijkekappershop.nl\/de\/wp-json\/wp\/v2\/product\/12885","targetHints":{"allow":["GET"]}}],"collection":[{"href":"https:\/\/www.denatuurlijkekappershop.nl\/de\/wp-json\/wp\/v2\/product"}],"about":[{"href":"https:\/\/www.denatuurlijkekappershop.nl\/de\/wp-json\/wp\/v2\/types\/product"}],"replies":[{"embeddable":true,"href":"https:\/\/www.denatuurlijkekappershop.nl\/de\/wp-json\/wp\/v2\/comments?post=12885"}],"wp:featuredmedia":[{"embeddable":true,"href":"https:\/\/www.denatuurlijkekappershop.nl\/de\/wp-json\/wp\/v2\/media\/15438"}],"wp:attachment":[{"href":"https:\/\/www.denatuurlijkekappershop.nl\/de\/wp-json\/wp\/v2\/media?parent=12885"}],"wp:term":[{"taxonomy":"product_brand","embeddable":true,"href":"https:\/\/www.denatuurlijkekappershop.nl\/de\/wp-json\/wp\/v2\/product_brand?post=12885"},{"taxonomy":"product_cat","embeddable":true,"href":"https:\/\/www.denatuurlijkekappershop.nl\/de\/wp-json\/wp\/v2\/product_cat?post=12885"},{"taxonomy":"product_tag","embeddable":true,"href":"https:\/\/www.denatuurlijkekappershop.nl\/de\/wp-json\/wp\/v2\/product_tag?post=12885"}],"curies":[{"name":"wp","href":"https:\/\/api.w.org\/{rel}","templated":true}]}}