{"id":12879,"date":"2024-08-27T10:58:49","date_gmt":"2024-08-27T08:58:49","guid":{"rendered":"https:\/\/www.denatuurlijkekappershop.nl\/?post_type=product&#038;p=12879"},"modified":"2026-03-17T22:29:27","modified_gmt":"2026-03-17T21:29:27","slug":"textur-shampoo-coeurl","status":"publish","type":"product","link":"https:\/\/www.denatuurlijkekappershop.nl\/de\/textuur-shampoo-coeurl\/","title":{"rendered":"Coeurl texturierendes Shampoo 250ml"},"content":{"rendered":"<p>Die <strong>Coeurl Texturierendes Shampoo<\/strong> tr\u00e4gt zur Verbesserung der Haarstruktur bei und verleiht dem Haar F\u00fclle und Sprungkraft. Dieses Shampoo reinigt sanft, aber effektiv und unterst\u00fctzt ein luftiges und gepflegtes Gef\u00fchl, ohne das Haar zu beschweren.<\/p>\n<p>Die Formel enth\u00e4lt nat\u00fcrliche Inhaltsstoffe wie Wasserlilie, Apfelwasser, Zimtrinde und Lysin. Diese Inhaltsstoffe pflegen das Haar und die Kopfhaut und tragen zu einer gesund wirkenden Haarstruktur bei. Das Haar f\u00fchlt sich voller an, gewinnt an Halt und erh\u00e4lt einen nat\u00fcrlichen Glanz.<\/p>\n<p>Dank seiner konzentrierten Formulierung ist das Shampoo sparsam in der Anwendung und Sie ben\u00f6tigen nur eine kleine Menge f\u00fcr ein reinigendes und pflegendes Ergebnis. Der pH-Wert von 4,0 bis 4,5 hilft, das nat\u00fcrliche Gleichgewicht von Haar und Kopfhaut zu erhalten.<\/p>\n<p><strong>Wesentliche Merkmale:<\/strong><\/p>\n<ul>\n<li>Verbessert die Struktur und F\u00fclle des Haares<\/li>\n<li>Tr\u00e4gt zu gepflegtem und geschmeidig aussehendem Haar bei<\/li>\n<li>Mit Wasserlilie, Apfelwasser, Zimtrinde und Lysin<\/li>\n<li>Mild reinigend und pflegend<\/li>\n<li>Verleiht mehr Volumen und Elastizit\u00e4t<\/li>\n<li>Konzentriert und wirtschaftlich in der Anwendung<\/li>\n<li>Unterst\u00fctzt das nat\u00fcrliche Haargleichgewicht<\/li>\n<li>pH-Wert 4,0 - 4,5<\/li>\n<\/ul>","protected":false},"excerpt":{"rendered":"<p>Das Coeurl Texture Shampoo ist ein ideales Reinigungsmittel, das das Haar nicht beschwert und die Locken in Form h\u00e4lt.<\/p>","protected":false},"featured_media":15442,"comment_status":"open","ping_status":"closed","template":"","meta":{"_acf_changed":false,"_joinchat":[]},"product_brand":[596],"product_cat":[429,198,416],"product_tag":[],"class_list":{"0":"post-12879","1":"product","2":"type-product","3":"status-publish","4":"has-post-thumbnail","6":"product_brand-coeurl","7":"product_cat-coeurl","8":"product_cat-merken","9":"product_cat-shampoo","10":"pa_certificering-1-for-the-planet","11":"pa_certificering-vegan-friendly","12":"pa_geschikt-voor-glans","13":"pa_geschikt-voor-kort-haar","14":"pa_geschikt-voor-krullen","15":"pa_geschikt-voor-lang-haar","16":"pa_geschikt-voor-textuur","17":"pa_geschikt-voor-verzorgend-herstellend","18":"pa_geschikt-voor-voedend","19":"pa_inhoud-250ml","20":"pa_merk-rodolphe-co","21":"pa_soort-product-shampoo","23":"first","24":"instock","25":"taxable","26":"shipping-taxable","27":"purchasable","28":"product-type-simple"},"exclude_global_add_ons":[],"addons":[],"acf":[],"_links":{"self":[{"href":"https:\/\/www.denatuurlijkekappershop.nl\/de\/wp-json\/wp\/v2\/product\/12879","targetHints":{"allow":["GET"]}}],"collection":[{"href":"https:\/\/www.denatuurlijkekappershop.nl\/de\/wp-json\/wp\/v2\/product"}],"about":[{"href":"https:\/\/www.denatuurlijkekappershop.nl\/de\/wp-json\/wp\/v2\/types\/product"}],"replies":[{"embeddable":true,"href":"https:\/\/www.denatuurlijkekappershop.nl\/de\/wp-json\/wp\/v2\/comments?post=12879"}],"wp:featuredmedia":[{"embeddable":true,"href":"https:\/\/www.denatuurlijkekappershop.nl\/de\/wp-json\/wp\/v2\/media\/15442"}],"wp:attachment":[{"href":"https:\/\/www.denatuurlijkekappershop.nl\/de\/wp-json\/wp\/v2\/media?parent=12879"}],"wp:term":[{"taxonomy":"product_brand","embeddable":true,"href":"https:\/\/www.denatuurlijkekappershop.nl\/de\/wp-json\/wp\/v2\/product_brand?post=12879"},{"taxonomy":"product_cat","embeddable":true,"href":"https:\/\/www.denatuurlijkekappershop.nl\/de\/wp-json\/wp\/v2\/product_cat?post=12879"},{"taxonomy":"product_tag","embeddable":true,"href":"https:\/\/www.denatuurlijkekappershop.nl\/de\/wp-json\/wp\/v2\/product_tag?post=12879"}],"curies":[{"name":"wp","href":"https:\/\/api.w.org\/{rel}","templated":true}]}}