{"id":12789,"date":"2024-06-17T14:45:37","date_gmt":"2024-06-17T12:45:37","guid":{"rendered":"https:\/\/denatuurlijkekapper.nl\/?post_type=product&#038;p=12789"},"modified":"2026-03-22T16:47:42","modified_gmt":"2026-03-22T15:47:42","slug":"wir-lieben-den-planet-diffusor","status":"publish","type":"product","link":"https:\/\/www.denatuurlijkekappershop.nl\/de\/we-love-the-planet-diffuser\/","title":{"rendered":"We Love The Planet Diffuser - Spiritual Spa (auch zum Nachf\u00fcllen)"},"content":{"rendered":"<p><strong>Spiritual Spa (100% \u00e4therisches \u00d6l)<\/strong><\/p>\n<p>Spiritual Spa is onze favoriete en meest populaire geur. Deze ontspannende en verfrissende geurolie combineert eucalyptus, cederhout, lavendel en patchouli. De geur wordt aangevuld met tea tree en basilicum, wat zorgt voor een frisse en spa-achtige geurbeleving in huis. Met deze geur waan je jezelf echt even in een sauna. Heerlijk!<\/p>\n<p>Door de natuurlijke samenstelling gaan deze diffusers vaak langer mee dan veel andere diffusers. Bij normaal gebruik, met 2 stokjes, ligt de gemiddelde gebruiksduur van een <em>250 ml<\/em> diffuser tussen de 16 en 20 weken. Je kunt er dus langdurig van genieten. Let op: het betreft een natuurlijk product en de gebruiksduur hangt af van verschillende omgevingsinvloeden zoals luchtstroming, de grootte van de ruimte en het aantal gebruikte stokjes. Voor een optimale geurverspreiding kun je de stokjes elke 2 weken vervangen.<\/p>\n<p>De diffuser wordt compleet geleverd met een vaasje van gerecycled glas en hoogwaardige rietstokjes (reed sticks).<\/p>","protected":false},"excerpt":{"rendered":"<p>Nicht nur ein sch\u00f6ner Geruch, sondern auch ein gutes Gef\u00fchl. Denn jeder m\u00f6chte nach Hause kommen und ein Haus mit einem angenehmen Geruch und Atmosph\u00e4re vorfinden. Wie sch\u00f6n, wenn das auch noch auf eine verantwortungsvolle und gute Art und Weise geschehen kann! Entdecken Sie We Love Diffusers und genie\u00dfen Sie es!<\/p>","protected":false},"featured_media":14373,"comment_status":"open","ping_status":"closed","template":"","meta":{"_acf_changed":false,"_joinchat":[]},"product_brand":[601],"product_cat":[427,428,198],"product_tag":[],"class_list":{"0":"post-12789","1":"product","2":"type-product","3":"status-publish","4":"has-post-thumbnail","6":"product_brand-we-love-the-planet","7":"product_cat-we-love-the-planet","8":"product_cat-lifestyle","9":"product_cat-merken","10":"pa_certificering-100-natuurlijk","11":"pa_certificering-100-recyclebare-verpakking","12":"pa_geschikt-voor-lees-de-omschrijving","13":"pa_inhoud-100ml","14":"pa_inhoud-250ml","15":"pa_merk-we-love-the-planet","16":"pa_soort-product-accessoires","18":"first","19":"instock","20":"taxable","21":"shipping-taxable","22":"purchasable","23":"product-type-variable"},"exclude_global_add_ons":[],"addons":[],"acf":[],"_links":{"self":[{"href":"https:\/\/www.denatuurlijkekappershop.nl\/de\/wp-json\/wp\/v2\/product\/12789","targetHints":{"allow":["GET"]}}],"collection":[{"href":"https:\/\/www.denatuurlijkekappershop.nl\/de\/wp-json\/wp\/v2\/product"}],"about":[{"href":"https:\/\/www.denatuurlijkekappershop.nl\/de\/wp-json\/wp\/v2\/types\/product"}],"replies":[{"embeddable":true,"href":"https:\/\/www.denatuurlijkekappershop.nl\/de\/wp-json\/wp\/v2\/comments?post=12789"}],"wp:featuredmedia":[{"embeddable":true,"href":"https:\/\/www.denatuurlijkekappershop.nl\/de\/wp-json\/wp\/v2\/media\/14373"}],"wp:attachment":[{"href":"https:\/\/www.denatuurlijkekappershop.nl\/de\/wp-json\/wp\/v2\/media?parent=12789"}],"wp:term":[{"taxonomy":"product_brand","embeddable":true,"href":"https:\/\/www.denatuurlijkekappershop.nl\/de\/wp-json\/wp\/v2\/product_brand?post=12789"},{"taxonomy":"product_cat","embeddable":true,"href":"https:\/\/www.denatuurlijkekappershop.nl\/de\/wp-json\/wp\/v2\/product_cat?post=12789"},{"taxonomy":"product_tag","embeddable":true,"href":"https:\/\/www.denatuurlijkekappershop.nl\/de\/wp-json\/wp\/v2\/product_tag?post=12789"}],"curies":[{"name":"wp","href":"https:\/\/api.w.org\/{rel}","templated":true}]}}