{"id":12776,"date":"2024-06-17T14:13:55","date_gmt":"2024-06-17T12:13:55","guid":{"rendered":"https:\/\/denatuurlijkekapper.nl\/?post_type=product&#038;p=12776"},"modified":"2026-03-28T06:32:54","modified_gmt":"2026-03-28T05:32:54","slug":"zechsal-magnesiumol-spray-100ml","status":"publish","type":"product","link":"https:\/\/www.denatuurlijkekappershop.nl\/de\/zechsal-magnesium-olie-spray-100ml\/","title":{"rendered":"Zechsal Magnesium\u00f6l-Spray 100ml"},"content":{"rendered":"<p><strong>Zechsal-Magnesium\u00f6l<\/strong> ist eine hochkonzentrierte L\u00f6sung von Magnesiumchlorid in Wasser. Die Fl\u00fcssigkeit wird Magnesium\u00f6l genannt, weil sie ein leicht \u00f6liges Gef\u00fchl auf der Haut hervorrufen kann.<\/p>\n<p>Dieses Magnesiumspray ist leicht aufzutragen und eignet sich f\u00fcr die Anwendung an verschiedenen K\u00f6rperstellen wie F\u00fc\u00dfen, Beinen, Armen oder dem Unterleib. Dank der praktischen Spr\u00fchflasche ist das Produkt leicht zu dosieren und angenehm in der t\u00e4glichen Anwendung.<\/p>\n<p>Nach dem Auftragen kann die Haut ein leichtes Kribbeln oder W\u00e4rmegef\u00fchl versp\u00fcren. Dies ist eine normale Reaktion bei Produkten, die Magnesiumchlorid enthalten. Das Spray zieht schnell ein und hinterl\u00e4sst ein gepflegtes und geschmeidiges Gef\u00fchl auf der Haut.<\/p>\n<p><strong>Wesentliche Merkmale:<\/strong><\/p>\n<ul>\n<li>Reines Magnesiumchlorid, in Wasser gel\u00f6st<\/li>\n<li>Hochkonzentrierte Formel (31%)<\/li>\n<li>Handliche Spr\u00fchflasche f\u00fcr einfache Anwendung<\/li>\n<li>Geeignet f\u00fcr die Anwendung an verschiedenen K\u00f6rperteilen<\/li>\n<li>100 ml Inhalt<\/li>\n<\/ul>","protected":false},"excerpt":{"rendered":"<p>In praktischer Spr\u00fchflasche<\/p>","protected":false},"featured_media":15292,"comment_status":"open","ping_status":"closed","template":"","meta":{"_acf_changed":false,"_joinchat":[]},"product_brand":[602],"product_cat":[411,424,198],"product_tag":[],"class_list":{"0":"post-12776","1":"product","2":"type-product","3":"status-publish","4":"has-post-thumbnail","6":"product_brand-zechsal","7":"product_cat-zechsal","8":"product_cat-lichaam","9":"product_cat-merken","10":"pa_certificering-100-natuurlijk","11":"pa_certificering-cruelty-free","12":"pa_merk-zechsal","14":"first","15":"onbackorder","16":"taxable","17":"shipping-taxable","18":"purchasable","19":"product-type-simple"},"exclude_global_add_ons":[],"addons":[],"acf":[],"_links":{"self":[{"href":"https:\/\/www.denatuurlijkekappershop.nl\/de\/wp-json\/wp\/v2\/product\/12776","targetHints":{"allow":["GET"]}}],"collection":[{"href":"https:\/\/www.denatuurlijkekappershop.nl\/de\/wp-json\/wp\/v2\/product"}],"about":[{"href":"https:\/\/www.denatuurlijkekappershop.nl\/de\/wp-json\/wp\/v2\/types\/product"}],"replies":[{"embeddable":true,"href":"https:\/\/www.denatuurlijkekappershop.nl\/de\/wp-json\/wp\/v2\/comments?post=12776"}],"wp:featuredmedia":[{"embeddable":true,"href":"https:\/\/www.denatuurlijkekappershop.nl\/de\/wp-json\/wp\/v2\/media\/15292"}],"wp:attachment":[{"href":"https:\/\/www.denatuurlijkekappershop.nl\/de\/wp-json\/wp\/v2\/media?parent=12776"}],"wp:term":[{"taxonomy":"product_brand","embeddable":true,"href":"https:\/\/www.denatuurlijkekappershop.nl\/de\/wp-json\/wp\/v2\/product_brand?post=12776"},{"taxonomy":"product_cat","embeddable":true,"href":"https:\/\/www.denatuurlijkekappershop.nl\/de\/wp-json\/wp\/v2\/product_cat?post=12776"},{"taxonomy":"product_tag","embeddable":true,"href":"https:\/\/www.denatuurlijkekappershop.nl\/de\/wp-json\/wp\/v2\/product_tag?post=12776"}],"curies":[{"name":"wp","href":"https:\/\/api.w.org\/{rel}","templated":true}]}}