{"id":12704,"date":"2024-06-07T19:54:47","date_gmt":"2024-06-07T17:54:47","guid":{"rendered":"https:\/\/denatuurlijkekapper.nl\/?post_type=product&#038;p=12704"},"modified":"2026-03-10T10:53:38","modified_gmt":"2026-03-10T09:53:38","slug":"anti-verwirrungs-massage-haarburste","status":"publish","type":"product","link":"https:\/\/www.denatuurlijkekappershop.nl\/de\/anti-klit-massage-haarborstel\/","title":{"rendered":"Anti-Clit Massage-Haarb\u00fcrste (gebogene Entwirrungsb\u00fcrste)"},"content":{"rendered":"<p>Die <strong>Anti-Kitzler-Massage-Haarb\u00fcrste<\/strong> hat eine spezielle gebogene Form, die es der B\u00fcrste erm\u00f6glicht, sich den Konturen des Kopfes perfekt anzupassen. Diese ergonomische Form sorgt f\u00fcr bequemes B\u00fcrsten und optimale Kontrolle beim Entwirren und Stylen der Haare.<\/p>\n<p>Die B\u00fcrste verf\u00fcgt \u00fcber weiche Borsten mit flexiblen Nylonstiften, die Knoten leicht entfernen, ohne das Haar zu besch\u00e4digen oder zu brechen. Beim B\u00fcrsten wird die Kopfhaut massiert und die nat\u00fcrlichen Talg\u00f6le werden von der Haarwurzel bis zu den Spitzen verteilt, was zu gesundem, gl\u00e4nzendem Haar beitr\u00e4gt.<\/p>\n<p>Dank ihres gebogenen Designs bewegt sich die B\u00fcrste sanft und effizient durch das Haar, was das B\u00fcrsten schneller und angenehmer macht. Dies sorgt nicht nur f\u00fcr Komfort, sondern auch f\u00fcr ein entspannendes Gef\u00fchl f\u00fcr die Kopfhaut.<\/p>\n<p>Das Geheimnis des bequemen Entwirrens liegt in der optimalen Dicke und dem Abstand der Stifte in Kombination mit den Wildschweinborsten, die es der B\u00fcrste erm\u00f6glichen, nur minimal am Haar zu ziehen.<\/p>\n<p><strong>Wesentliche Merkmale:<\/strong><\/p>\n<ul>\n<li>Komfortables Entwirren dank flexibler Nylonstifte und Wildschweinborsten<\/li>\n<li>Geeignet f\u00fcr Kinder und den professionellen Gebrauch durch Friseure<\/li>\n<li>Sch\u00fctzt die Kopfhaut dank der abgerundeten und flexiblen Stifte<\/li>\n<li>Ergonomischer Griff mit weichem Gummigriff<\/li>\n<li>Gebogenes Design f\u00fcr optimalen Komfort<\/li>\n<li>Verbreitet nat\u00fcrliche \u00d6le von der Wurzel bis zur Spitze<\/li>\n<li>Bel\u00fcftetes Design, ideal f\u00fcr die Verwendung mit einem Haartrockner<\/li>\n<li>Geeignet f\u00fcr alle Haartypen, nasses und trockenes Haar<\/li>\n<li>Auch f\u00fcr Extensions und Haararbeiten geeignet<\/li>\n<\/ul>","protected":false},"excerpt":{"rendered":"<p>Die Anti-Clit-Massage-Haarb\u00fcrste wurde entwickelt, um das Aussehen Ihrer Haare zu verbessern, indem sie Knoten auf sanfte Weise entfernt. Au\u00dferdem ist sie aufgrund ihrer gebogenen Form weich und angenehm f\u00fcr Ihr Haar und Ihre Kopfhaut. Sie werden den Unterschied wirklich sp\u00fcren!<\/p>","protected":false},"featured_media":15478,"comment_status":"open","ping_status":"closed","template":"","meta":{"_acf_changed":false,"_joinchat":[]},"product_brand":[],"product_cat":[425,198],"product_tag":[560],"class_list":{"0":"post-12704","1":"product","2":"type-product","3":"status-publish","4":"has-post-thumbnail","6":"product_cat-accessoires","7":"product_cat-merken","8":"product_tag-anti-roos","9":"pa_geschikt-voor-droog-haar","10":"pa_geschikt-voor-fijn-dun-haar","11":"pa_geschikt-voor-krullen","12":"pa_geschikt-voor-vet-haar-hoofdhuid","13":"pa_inhoud-1-stuk","14":"pa_merk-merkloos","15":"pa_soort-product-accessoires","17":"first","18":"instock","19":"taxable","20":"shipping-taxable","21":"purchasable","22":"product-type-simple"},"exclude_global_add_ons":[],"addons":[],"acf":[],"_links":{"self":[{"href":"https:\/\/www.denatuurlijkekappershop.nl\/de\/wp-json\/wp\/v2\/product\/12704","targetHints":{"allow":["GET"]}}],"collection":[{"href":"https:\/\/www.denatuurlijkekappershop.nl\/de\/wp-json\/wp\/v2\/product"}],"about":[{"href":"https:\/\/www.denatuurlijkekappershop.nl\/de\/wp-json\/wp\/v2\/types\/product"}],"replies":[{"embeddable":true,"href":"https:\/\/www.denatuurlijkekappershop.nl\/de\/wp-json\/wp\/v2\/comments?post=12704"}],"wp:featuredmedia":[{"embeddable":true,"href":"https:\/\/www.denatuurlijkekappershop.nl\/de\/wp-json\/wp\/v2\/media\/15478"}],"wp:attachment":[{"href":"https:\/\/www.denatuurlijkekappershop.nl\/de\/wp-json\/wp\/v2\/media?parent=12704"}],"wp:term":[{"taxonomy":"product_brand","embeddable":true,"href":"https:\/\/www.denatuurlijkekappershop.nl\/de\/wp-json\/wp\/v2\/product_brand?post=12704"},{"taxonomy":"product_cat","embeddable":true,"href":"https:\/\/www.denatuurlijkekappershop.nl\/de\/wp-json\/wp\/v2\/product_cat?post=12704"},{"taxonomy":"product_tag","embeddable":true,"href":"https:\/\/www.denatuurlijkekappershop.nl\/de\/wp-json\/wp\/v2\/product_tag?post=12704"}],"curies":[{"name":"wp","href":"https:\/\/api.w.org\/{rel}","templated":true}]}}