{"id":12656,"date":"2024-06-07T15:09:22","date_gmt":"2024-06-07T13:09:22","guid":{"rendered":"https:\/\/denatuurlijkekapper.nl\/?post_type=product&#038;p=12656"},"modified":"2026-03-10T10:57:39","modified_gmt":"2026-03-10T09:57:39","slug":"hut-waschbar-und-wiederverwendbar","status":"publish","type":"product","link":"https:\/\/www.denatuurlijkekappershop.nl\/de\/muts-uitwasbaar-en-herbruikbaar\/","title":{"rendered":"Hut - waschbar &amp; wiederverwendbar"},"content":{"rendered":"<p>Diese <strong>waschbare und wiederverwendbare Haarkappe<\/strong> ist ideal, um das Haar w\u00e4hrend der Haarbehandlung zu sch\u00fctzen. Dank der versiegelten Innenseite bleiben die aufgetragenen Produkte fest an ihrem Platz und trocknen w\u00e4hrend der Verarbeitung nicht aus.<\/p>\n<p>Die Kappe hilft, Pflegeprodukte, Masken oder Pflanzenfarben gleichm\u00e4\u00dfig in das Haar einzuarbeiten. Durch die versiegelnde Wirkung bleibt das Haar bedeckt und das Produkt wird w\u00e4hrend der Behandlung besser verteilt.<\/p>\n<p>Die Au\u00dfenseite des Hutes besteht aus <strong>100% Bio-Baumwolle<\/strong>, und sorgt f\u00fcr einen bequemen Sitz. Nach dem Gebrauch kann der Hut leicht gewaschen und wiederverwendet werden, was ihn zu einer langlebigen Wahl sowohl f\u00fcr den privaten als auch f\u00fcr den professionellen Einsatz im Salon macht.<\/p>\n<p><strong>Wesentliche Merkmale:<\/strong><\/p>\n<ul>\n<li>Waschbare und wiederverwendbare Haarkappe<\/li>\n<li>Mit versiegeltem Innenraum<\/li>\n<li>Verhindert das Austrocknen der aufgetragenen Produkte<\/li>\n<li>Geeignet f\u00fcr Haarmasken, Konditionierungsbehandlungen und Pflanzenf\u00e4rbung<\/li>\n<li>Au\u00dfenseite aus 100% Bio-Baumwolle<\/li>\n<li>Bequeme Passform<\/li>\n<li>Leicht zu reinigen<\/li>\n<li>Nachhaltige Alternative zu Einwegverschl\u00fcssen<\/li>\n<\/ul>\n<p><strong>Anmerkung:<\/strong> Bitte beachten Sie, dass die Farbe von den Fotos abweichen kann und das gelieferte Produkt in einer anderen Farbe sein kann.<\/p>","protected":false},"excerpt":{"rendered":"<p>Deze uitwasbare en herbruikbare haarmuts is ideaal om het haar te beschermen tijdens haarbehandelingen. Dankzij de gesealde binnenkant blijven aangebrachte producten goed op hun plaats en drogen ze minder snel uit tijdens het inwerken. De muts helpt om verzorgingsproducten, maskers of plantenkleuringen gelijkmatig in het haar te laten werken. Door de afsluitende werking blijft het [&hellip;]<\/p>\n","protected":false},"featured_media":15394,"comment_status":"open","ping_status":"closed","template":"","meta":{"_acf_changed":false,"_joinchat":[]},"product_brand":[610],"product_cat":[425,198,421,372],"product_tag":[],"class_list":{"0":"post-12656","1":"product","2":"type-product","3":"status-publish","4":"has-post-thumbnail","6":"product_brand-terre-de-couleur","7":"product_cat-accessoires","8":"product_cat-merken","9":"product_cat-plantenkleuring","10":"product_cat-terre-de-couleur","11":"pa_certificering-100-natuurlijk","12":"pa_certificering-dierproefvrij","13":"pa_certificering-vegan","14":"pa_geschikt-voor-lees-de-omschrijving","15":"pa_inhoud-1-stuk","16":"pa_merk-terre-de-couleur","17":"pa_soort-product-accessoires","18":"pa_soort-product-plantenkleuring","20":"first","21":"instock","22":"taxable","23":"shipping-taxable","24":"purchasable","25":"product-type-simple"},"exclude_global_add_ons":[],"addons":[],"acf":[],"_links":{"self":[{"href":"https:\/\/www.denatuurlijkekappershop.nl\/de\/wp-json\/wp\/v2\/product\/12656","targetHints":{"allow":["GET"]}}],"collection":[{"href":"https:\/\/www.denatuurlijkekappershop.nl\/de\/wp-json\/wp\/v2\/product"}],"about":[{"href":"https:\/\/www.denatuurlijkekappershop.nl\/de\/wp-json\/wp\/v2\/types\/product"}],"replies":[{"embeddable":true,"href":"https:\/\/www.denatuurlijkekappershop.nl\/de\/wp-json\/wp\/v2\/comments?post=12656"}],"wp:featuredmedia":[{"embeddable":true,"href":"https:\/\/www.denatuurlijkekappershop.nl\/de\/wp-json\/wp\/v2\/media\/15394"}],"wp:attachment":[{"href":"https:\/\/www.denatuurlijkekappershop.nl\/de\/wp-json\/wp\/v2\/media?parent=12656"}],"wp:term":[{"taxonomy":"product_brand","embeddable":true,"href":"https:\/\/www.denatuurlijkekappershop.nl\/de\/wp-json\/wp\/v2\/product_brand?post=12656"},{"taxonomy":"product_cat","embeddable":true,"href":"https:\/\/www.denatuurlijkekappershop.nl\/de\/wp-json\/wp\/v2\/product_cat?post=12656"},{"taxonomy":"product_tag","embeddable":true,"href":"https:\/\/www.denatuurlijkekappershop.nl\/de\/wp-json\/wp\/v2\/product_tag?post=12656"}],"curies":[{"name":"wp","href":"https:\/\/api.w.org\/{rel}","templated":true}]}}