{"id":12540,"date":"2024-05-09T21:58:16","date_gmt":"2024-05-09T19:58:16","guid":{"rendered":"https:\/\/denatuurlijkekapper.nl\/?post_type=product&#038;p=12540"},"modified":"2026-04-21T08:56:41","modified_gmt":"2026-04-21T06:56:41","slug":"haarwimperntusche","status":"publish","type":"product","link":"https:\/\/www.denatuurlijkekappershop.nl\/de\/haarmascara\/","title":{"rendered":"K Pour Karit\u00e9 - Haar Wimperntusche 100% nat\u00fcrlich"},"content":{"rendered":"<p>Die <strong>K Pour Karit\u00e9 Haar Wimperntusche<\/strong> ist eine praktische L\u00f6sung f\u00fcr alle, die schnell und effektiv Haarwuchs kaschieren wollen, ohne Sprays oder permanente F\u00e4rbung zu verwenden. Diese Haarwimperntusche wurde speziell f\u00fcr die Verwendung mit <strong>nat\u00fcrliche Haarfarben<\/strong>, wie unser <a href=\"https:\/\/www.denatuurlijkekappershop.nl\/de\/greenleaf-grow-out-kit-home-colour-kit\/\">Greenleaf-Anbaukasten f\u00fcr zu Hause Farbkasten<\/a>. Dank der <strong>100% nat\u00fcrliche Zusammensetzung<\/strong> Dieses Produkt ist eine bewusste Entscheidung f\u00fcr jeden, der auf seine Haarpflege achtet.<\/p>\n<p>K Pour Karit\u00e9 steht f\u00fcr Qualit\u00e4t und Einfachheit: ein Produkt, das Sie zum <strong>innerhalb von Sekunden<\/strong> ergibt ein nat\u00fcrliches Ergebnis und l\u00e4sst sich leicht mit Shampoo auswaschen.<\/p>\n<h3>Warum K Pour Karit\u00e9 Haarwimperntusche w\u00e4hlen?<\/h3>\n<p><strong>100% nat\u00fcrliche Formel<\/strong><\/p>\n<p>Diese Haarmascara besteht aus sorgf\u00e4ltig ausgew\u00e4hlten Inhaltsstoffen und sorgt f\u00fcr ein nat\u00fcrlich aussehendes Ergebnis ohne schweres oder klebriges Finish.<\/p>\n<p>Diese nat\u00fcrliche Formel bietet:<\/p>\n<ul>\n<li>Ein sanftes und frisches Zitrusaroma, das auch bei intensivem Gebrauch nicht zu stark ist.<\/li>\n<li>Inhaltsstoffe, die sanft zu Haar und Kopfhaut sind.<\/li>\n<li>Ein nat\u00fcrlich aussehendes Ergebnis ohne fettiges oder klebriges Finish.<\/li>\n<\/ul>\n<p>Das macht diese Haarmascara zu einer guten Wahl f\u00fcr die Anwendung zwischen den F\u00e4rbungen.<\/p>\n<h3>Gut kombinierbar mit nat\u00fcrlichen Haarfarben<\/h3>\n<p>Einer der gr\u00f6\u00dften Vorteile des <strong>K Pour Karit\u00e9 Haar Wimperntusche<\/strong> ist, dass sich das Produkt gut mit unseren anderen Naturhaarprodukten kombinieren l\u00e4sst. Verwenden Sie zum Beispiel die <a href=\"https:\/\/www.denatuurlijkekappershop.nl\/de\/greenleaf-grow-out-kit-home-colour-kit\/\" data-type=\"product\" data-id=\"13007\">Greenleaf-Anbaukasten f\u00fcr zu Hause Farbkasten<\/a>, dann ist diese Haarwimperntusche eine praktische Erg\u00e4nzung zwischen den F\u00e4rbungen.<\/p>\n<h3>Benutzerfreundlichkeit und praktisches Ergebnis<\/h3>\n<p>Dank der praktischen Mascarab\u00fcrste tragen Sie die Haarmascara \u00e4u\u00dferst pr\u00e4zise auf, genau dort, wo sie ben\u00f6tigt wird - ohne Unordnung oder Verschmieren auf Haut oder Kleidung. Das Produkt muss nicht ausgesp\u00fclt werden; nach dem Auftragen lassen Sie Ihr Haar einfach trocknen oder f\u00f6hnen Sie es sanft.<\/p>\n<p>Die wichtigsten Vorteile:<\/p>\n<ul>\n<li>Keine Flecken auf Haut oder Kleidung<\/li>\n<li>Waschbar mit Shampoo<\/li>\n<li>Schnelle Ergebnisse innerhalb von Minuten<\/li>\n<li>Ideal f\u00fcr die Reise oder f\u00fcr zu Hause<\/li>\n<\/ul>\n<p>Wenn Sie zum Beispiel morgens wenig Zeit haben, ist diese Haarmascara eine praktische L\u00f6sung f\u00fcr einen gepflegten, nat\u00fcrlichen Look.<\/p>\n<h3>Erh\u00e4ltlich in f\u00fcnf nat\u00fcrlichen Farben<\/h3>\n<p>Um eine optimale Abstimmung auf Ihre Haarfarbe zu gew\u00e4hrleisten, ist die Haarmascara in f\u00fcnf sorgf\u00e4ltig ausgew\u00e4hlten Farbt\u00f6nen erh\u00e4ltlich. Dadurch eignet sich das Produkt f\u00fcr viele Haarfarben, von dunklen \u00fcber helle bis hin zu roten T\u00f6nen. W\u00e4hlen Sie den Farbton, der am besten zu Ihrer nat\u00fcrlichen Haarfarbe oder dem Farbton Ihrer Coloration passt.<\/p>\n<p>Verf\u00fcgbare Farben:<\/p>\n<ul>\n<li><strong>Schwarz\/Braun<\/strong><\/li>\n<li><strong>Dunkelbraun<\/strong><\/li>\n<li><strong>Mittelbraun<\/strong><\/li>\n<li><strong>Dunkelblond<\/strong><\/li>\n<li><strong>Rot<\/strong><\/li>\n<\/ul>\n<p>Diese Auswahl erm\u00f6glicht es Ihnen, das Ergebnis so nat\u00fcrlich wie m\u00f6glich an Ihre eigene Haarfarbe anzupassen.<\/p>\n<table>\n<thead>\n<tr>\n<th>Merkmal<\/th>\n<th>Spezifikation<\/th>\n<\/tr>\n<\/thead>\n<tbody>\n<tr>\n<td>Nat\u00fcrliches Ergebnis<\/td>\n<td>Sorgt f\u00fcr eine nat\u00fcrliche Abdeckung ohne harte Linien oder sichtbare \u00dcberg\u00e4nge.<\/td>\n<\/tr>\n<tr>\n<td>Geeignet f\u00fcr nat\u00fcrliche Haarfarben<\/td>\n<td>L\u00e4sst sich gut mit Pflanzenfarben und nat\u00fcrlichen Haarf\u00e4rbemitteln kombinieren.<\/td>\n<\/tr>\n<tr>\n<td>Geruch<\/td>\n<td>Frischer, subtiler Zitrusduft.<\/td>\n<\/tr>\n<tr>\n<td>Zusammensetzung<\/td>\n<td>100% nat\u00fcrliche Inhaltsstoffe.<\/td>\n<\/tr>\n<tr>\n<td>Benutzerfreundlichkeit<\/td>\n<td>Dank der pr\u00e4zisen Mascarab\u00fcrste l\u00e4sst er sich leicht auftragen.<\/td>\n<\/tr>\n<tr>\n<td>Waschbarkeit<\/td>\n<td>Vollst\u00e4ndig waschbar mit normalem Shampoo.<\/td>\n<\/tr>\n<tr>\n<td>Verschmutzt nicht<\/td>\n<td>Hinterl\u00e4sst keine Spuren auf Haut, Kleidung oder Handt\u00fcchern.<\/td>\n<\/tr>\n<tr>\n<td>Verf\u00fcgbare Farben<\/td>\n<td>Erh\u00e4ltlich in f\u00fcnf nat\u00fcrlichen Farbt\u00f6nen f\u00fcr eine gute Farbabstimmung.<\/td>\n<\/tr>\n<tr>\n<td>Anmeldung<\/td>\n<td>Ideal zum Kaschieren von Haarwuchs und grauem Haar zwischen den F\u00e4rbungen.<\/td>\n<\/tr>\n<\/tbody>\n<\/table>\n<h3>Fazit: Eine praktische Erg\u00e4nzung f\u00fcr Ihre Haarroutine<\/h3>\n<p>Die K Pour Karit\u00e9 Haarwimperntusche ist eine nat\u00fcrliche L\u00f6sung f\u00fcr alle, die den Haarwuchs schnell und einfach vor\u00fcbergehend kaschieren m\u00f6chten. Die Kombination aus einem nat\u00fcrlich aussehenden Ergebnis, einfacher Anwendung und Abwaschbarkeit macht dieses Produkt zu einer praktischen Erg\u00e4nzung zwischen den F\u00e4rbungen.<\/p>\n<p>Kombinieren Sie dieses Produkt mit Ihren nat\u00fcrlichen F\u00e4rbungen f\u00fcr ein gepflegtes Aussehen zwischen den Behandlungen.<\/p>\n<p><a id=\"voor-na\" name=\"voor-na\"><\/a> <\/p>\n<div class=\"coca-wrapper\">\n<div class=\"coca-item\"><div class=\"coca-bais-shortcode shortcode-15133\"><div class=\"shortcode-container\"><div class=\"coca-bais-container\" id=\"shortcode-15133\" data-settings=\"{&quot;orientation&quot;:&quot;horizontal&quot;,&quot;diagonal_direction&quot;:&quot;backslash&quot;,&quot;move_slider_on_hover&quot;:false,&quot;move_with_handle_only&quot;:true,&quot;click_to_move&quot;:true,&quot;no_overlay&quot;:false,&quot;show_labels&quot;:true,&quot;auto_slide_enabled&quot;:false,&quot;auto_slide_duration&quot;:4,&quot;auto_slide_direction&quot;:&quot;back_and_forth&quot;,&quot;auto_slide_pause_on_hover&quot;:false,&quot;before_label&quot;:&quot;Voor&quot;,&quot;after_label&quot;:&quot;Na&quot;}\" style=\"opacity: 0; max-width: 100%;\"><img fetchpriority=\"high\" decoding=\"async\" width=\"1000\" height=\"1000\" src=\"https:\/\/www.denatuurlijkekappershop.nl\/wp-content\/uploads\/2024\/12\/voor-2.jpg\" class=\"attachment-full size-full coca-bais-image coca-image-compare-before\" alt=\"Naturhaar-Wimperntusche vor\" \/><img decoding=\"async\" width=\"1000\" height=\"1000\" src=\"https:\/\/www.denatuurlijkekappershop.nl\/wp-content\/uploads\/2024\/12\/na-2.jpg\" class=\"attachment-full size-full coca-bais-image coca-image-compare-after\" alt=\"Naturhaar-Mascara nach\" \/><\/div><\/div><\/div><\/div>\n<div class=\"coca-item\"><div class=\"coca-bais-shortcode shortcode-15135\"><div class=\"shortcode-container\"><div class=\"coca-bais-container\" id=\"shortcode-15135\" data-settings=\"{&quot;orientation&quot;:&quot;horizontal&quot;,&quot;diagonal_direction&quot;:&quot;backslash&quot;,&quot;move_slider_on_hover&quot;:false,&quot;move_with_handle_only&quot;:true,&quot;click_to_move&quot;:true,&quot;no_overlay&quot;:false,&quot;show_labels&quot;:true,&quot;auto_slide_enabled&quot;:false,&quot;auto_slide_duration&quot;:4,&quot;auto_slide_direction&quot;:&quot;back_and_forth&quot;,&quot;auto_slide_pause_on_hover&quot;:false,&quot;before_label&quot;:&quot;Voor&quot;,&quot;after_label&quot;:&quot;Na&quot;}\" style=\"opacity: 0; max-width: 100%;\"><img decoding=\"async\" width=\"1000\" height=\"1000\" src=\"https:\/\/www.denatuurlijkekappershop.nl\/wp-content\/uploads\/2024\/12\/voor-1.jpg\" class=\"attachment-full size-full coca-bais-image coca-image-compare-before\" alt=\"Naturhaar-Wimperntusche vor\" \/><img loading=\"lazy\" decoding=\"async\" width=\"1000\" height=\"1000\" src=\"https:\/\/www.denatuurlijkekappershop.nl\/wp-content\/uploads\/2024\/12\/na-1.jpg\" class=\"attachment-full size-full coca-bais-image coca-image-compare-after\" alt=\"Naturhaar-Mascara nach\" \/><\/div><\/div><\/div><\/div>\n<\/p><\/div>\n<style> .coca-wrapper{ display:flex; gap:20px; } .coca-item{ flex:1 1 50%; min-width:0; } @media (max-width:768px){ .coca-wrapper{ flex-direction:column; } } <\/style>","protected":false},"excerpt":{"rendered":"<p>Die Haarmascara von K Pour Karit\u00e9 kaschiert mit ihrer 100%-zertifizierten nat\u00fcrlichen und biologischen Formel im Handumdrehen Haarwuchs und graue Haare. Sicher mit nat\u00fcrlichen Haarfarben zu verwenden und leicht mit Shampoo auswaschbar.wollen Sie vorher und nachher sehen?<br \/>\n<strong><a href=\"#voor-na\">M\u00f6chten Sie das Vorher und Nachher sehen?<\/a><\/strong><\/p>","protected":false},"featured_media":15492,"comment_status":"open","ping_status":"closed","template":"","meta":{"_acf_changed":false,"_joinchat":[]},"product_brand":[597],"product_cat":[412,611,198,421],"product_tag":[],"class_list":{"0":"post-12540","1":"product","2":"type-product","3":"status-publish","4":"has-post-thumbnail","6":"product_brand-k-pour-karite","7":"product_cat-k-pour-karite","8":"product_cat-display-natuurlijkekappers","9":"product_cat-merken","10":"product_cat-plantenkleuring","11":"pa_certificering-100-natuurlijk","12":"pa_certificering-ecocert","13":"pa_geschikt-voor-elk-haartype","14":"pa_inhoud-15g","15":"pa_merk-bio-hair","16":"pa_merk-coeurl","17":"pa_merk-chromalya","18":"pa_merk-denmann","19":"pa_merk-eliah-sahil","20":"pa_merk-its-pure-organics","21":"pa_merk-k-pour-karite","22":"pa_merk-mas-newen","23":"pa_merk-matador","24":"pa_merk-merkloos","25":"pa_merk-odylique","26":"pa_merk-rodolphe-co","27":"pa_merk-sibel-salonproducten","28":"pa_merk-terre-de-couleur","29":"pa_merk-we-love-the-planet","30":"pa_merk-zechsal","31":"pa_merk-zenz-organic","32":"pa_soort-product-plantenkleuring","34":"first","35":"instock","36":"taxable","37":"shipping-taxable","38":"purchasable","39":"product-type-variable"},"exclude_global_add_ons":[],"addons":[],"acf":[],"_links":{"self":[{"href":"https:\/\/www.denatuurlijkekappershop.nl\/de\/wp-json\/wp\/v2\/product\/12540","targetHints":{"allow":["GET"]}}],"collection":[{"href":"https:\/\/www.denatuurlijkekappershop.nl\/de\/wp-json\/wp\/v2\/product"}],"about":[{"href":"https:\/\/www.denatuurlijkekappershop.nl\/de\/wp-json\/wp\/v2\/types\/product"}],"replies":[{"embeddable":true,"href":"https:\/\/www.denatuurlijkekappershop.nl\/de\/wp-json\/wp\/v2\/comments?post=12540"}],"wp:featuredmedia":[{"embeddable":true,"href":"https:\/\/www.denatuurlijkekappershop.nl\/de\/wp-json\/wp\/v2\/media\/15492"}],"wp:attachment":[{"href":"https:\/\/www.denatuurlijkekappershop.nl\/de\/wp-json\/wp\/v2\/media?parent=12540"}],"wp:term":[{"taxonomy":"product_brand","embeddable":true,"href":"https:\/\/www.denatuurlijkekappershop.nl\/de\/wp-json\/wp\/v2\/product_brand?post=12540"},{"taxonomy":"product_cat","embeddable":true,"href":"https:\/\/www.denatuurlijkekappershop.nl\/de\/wp-json\/wp\/v2\/product_cat?post=12540"},{"taxonomy":"product_tag","embeddable":true,"href":"https:\/\/www.denatuurlijkekappershop.nl\/de\/wp-json\/wp\/v2\/product_tag?post=12540"}],"curies":[{"name":"wp","href":"https:\/\/api.w.org\/{rel}","templated":true}]}}