{"id":12534,"date":"2024-05-09T21:35:22","date_gmt":"2024-05-09T19:35:22","guid":{"rendered":"https:\/\/denatuurlijkekapper.nl\/?post_type=product&#038;p=12534"},"modified":"2026-03-10T11:09:23","modified_gmt":"2026-03-10T10:09:23","slug":"rodolphe-co-d-tox-detoixine-naturliches-haarpeeling-250ml","status":"publish","type":"product","link":"https:\/\/www.denatuurlijkekappershop.nl\/de\/rodolphe-co-d-tox-detoixine-natural-hair-scrub-250ml\/","title":{"rendered":"R&amp;C D-TOX detoixine nat\u00fcrliches Haarpeeling\/Maske 250ml"},"content":{"rendered":"<p><strong>Rodolphe &amp; Co D-TOX Detox Nat\u00fcrliches Haarpeeling \/ Maske 250ml<\/strong> ist eine Ecocert-zertifizierte, sanft reinigende Behandlung f\u00fcr Haar und Kopfhaut. Dieses vielseitige Produkt kann sowohl als Peeling als auch als Maske verwendet werden und hilft, Haar und Kopfhaut von Produktr\u00fcckst\u00e4nden und Unreinheiten zu befreien.<\/p>\n<p>Die Formel umfasst <strong>Aloe vera und Meeresalgen aus der Bretagne<\/strong>. Aloe vera ist f\u00fcr seine feuchtigkeitsspendenden Eigenschaften bekannt, w\u00e4hrend Meeresalgen reich an Mineralien sind, die das Haar pflegen. Salz aus Gu\u00e9rande peelt sanft die Kopfhaut und hilft, Produktr\u00fcckst\u00e4nde und Talg zu l\u00f6sen.<\/p>\n<p>Als Peeling verwendet, hilft das Produkt, die Kopfhaut zu reinigen und das Haar wieder leichter zu machen. Als Maske kann das Produkt f\u00fcr eine intensivere Reinigung von Haar und Kopfhaut l\u00e4nger einwirken gelassen werden.<\/p>\n<p>Diese Entgiftungsbehandlung wird h\u00e4ufig angewendet, wenn sich das Haar aufgrund von Stylingprodukten schwer anf\u00fchlt oder wenn eine gr\u00fcndliche, aber sanfte Reinigung von Haar und Kopfhaut erforderlich ist.<\/p>\n<p>Der subtile Duft der Damaszener Rose verleiht dem Produkt einen angenehmen Duft w\u00e4hrend der Anwendung. Dank der konzentrierten Formel wird nur eine kleine Menge ben\u00f6tigt.<\/p>\n<p><strong>Wesentliche Merkmale:<\/strong><\/p>\n<ul>\n<li>Ecocert-zertifizierte Entgiftungsbehandlung<\/li>\n<li>Verwendung als Peeling oder Maske<\/li>\n<li>Hilft, Produktr\u00fcckst\u00e4nde und Verunreinigungen zu entfernen<\/li>\n<li>Mit Aloe Vera und bretonischem Seegras<\/li>\n<li>Mildes Peeling dank Meersalz<\/li>\n<li>Geeignet f\u00fcr verschiedene Haartypen<\/li>\n<li>Konzentrierte Formel<\/li>\n<li>Inhalt: 250 ml<\/li>\n<\/ul>","protected":false},"excerpt":{"rendered":"<p>Diese Ecocert-zertifizierte Entgiftung ist eine sanft reinigende Behandlung, die als Peeling oder Maske angewendet wird.<\/p>","protected":false},"featured_media":15214,"comment_status":"open","ping_status":"closed","template":"","meta":{"_acf_changed":false,"_joinchat":[]},"product_brand":[598],"product_cat":[415,418,198,410],"product_tag":[560,562],"class_list":{"0":"post-12534","1":"product","2":"type-product","3":"status-publish","4":"has-post-thumbnail","6":"product_brand-rodolphe-co","7":"product_cat-haarverzorging","8":"product_cat-detox","9":"product_cat-merken","10":"product_cat-rodolphe-co","11":"product_tag-anti-roos","12":"product_tag-gevoeligehoofdhuid","13":"pa_certificering-1-for-the-planet","14":"pa_certificering-cosmebio","15":"pa_certificering-ecocert","16":"pa_geschikt-voor-anti-roos","17":"pa_geschikt-voor-detox","18":"pa_geschikt-voor-geirriteerde-hoofdhuid","19":"pa_geschikt-voor-gevoelige-hoofdhuid","20":"pa_geschikt-voor-glans","21":"pa_geschikt-voor-schilfers","22":"pa_geschikt-voor-volume","23":"pa_inhoud-250ml","24":"pa_merk-rodolphe-co","25":"pa_soort-product-haar-huid-herstel","27":"first","28":"instock","29":"taxable","30":"shipping-taxable","31":"purchasable","32":"product-type-simple"},"exclude_global_add_ons":[],"addons":[],"acf":[],"_links":{"self":[{"href":"https:\/\/www.denatuurlijkekappershop.nl\/de\/wp-json\/wp\/v2\/product\/12534","targetHints":{"allow":["GET"]}}],"collection":[{"href":"https:\/\/www.denatuurlijkekappershop.nl\/de\/wp-json\/wp\/v2\/product"}],"about":[{"href":"https:\/\/www.denatuurlijkekappershop.nl\/de\/wp-json\/wp\/v2\/types\/product"}],"replies":[{"embeddable":true,"href":"https:\/\/www.denatuurlijkekappershop.nl\/de\/wp-json\/wp\/v2\/comments?post=12534"}],"wp:featuredmedia":[{"embeddable":true,"href":"https:\/\/www.denatuurlijkekappershop.nl\/de\/wp-json\/wp\/v2\/media\/15214"}],"wp:attachment":[{"href":"https:\/\/www.denatuurlijkekappershop.nl\/de\/wp-json\/wp\/v2\/media?parent=12534"}],"wp:term":[{"taxonomy":"product_brand","embeddable":true,"href":"https:\/\/www.denatuurlijkekappershop.nl\/de\/wp-json\/wp\/v2\/product_brand?post=12534"},{"taxonomy":"product_cat","embeddable":true,"href":"https:\/\/www.denatuurlijkekappershop.nl\/de\/wp-json\/wp\/v2\/product_cat?post=12534"},{"taxonomy":"product_tag","embeddable":true,"href":"https:\/\/www.denatuurlijkekappershop.nl\/de\/wp-json\/wp\/v2\/product_tag?post=12534"}],"curies":[{"name":"wp","href":"https:\/\/api.w.org\/{rel}","templated":true}]}}