{"id":12532,"date":"2024-05-09T21:21:44","date_gmt":"2024-05-09T19:21:44","guid":{"rendered":"https:\/\/denatuurlijkekapper.nl\/?post_type=product&#038;p=12532"},"modified":"2026-04-02T16:26:34","modified_gmt":"2026-04-02T14:26:34","slug":"rodolphe-co-botanisches-ol-30ml","status":"publish","type":"product","link":"https:\/\/www.denatuurlijkekappershop.nl\/de\/rodolphe-co-botanic-oil-30ml\/","title":{"rendered":"R&amp;C Botanisches Haar\u00f6l 30ml"},"content":{"rendered":"<p>Die <strong>Rodolphe &amp; Co Botanisches Haar\u00f6l<\/strong> ist ein Ecocert-zertifiziertes Haar\u00f6l f\u00fcr die Pflege von Haar und Kopfhaut. Dieses leichte \u00d6l zieht schnell ein und macht das Haar geschmeidiger und besser k\u00e4mmbar.<\/p>\n<p>Das \u00d6l kann auf verschiedene Weise verwendet werden: als Pflege f\u00fcr die Haarspitzen, als Styling\u00f6l oder zur Erg\u00e4nzung einer Haarmaske. Dank seiner konzentrierten Formel wird nur eine kleine Menge ben\u00f6tigt.<\/p>\n<p>Die Zusammensetzung enth\u00e4lt mehrere Pflanzen\u00f6le, darunter <strong>Macadamia-, Argan-, Avocado-, Sesam- und S\u00fc\u00dfmandel\u00f6l<\/strong>. Diese \u00d6le sind f\u00fcr ihre pflegenden Eigenschaften bekannt und sorgen daf\u00fcr, dass sich das Haar glatt und gl\u00e4nzend anf\u00fchlt.<\/p>\n<p>Das \u00d6l kann auch mit dem <strong>Rodolphe &amp; Co Hydratisierende Haarmaske<\/strong> f\u00fcr eine intensivere Hautpflegeroutine.<\/p>\n<p><strong>Reich an:<\/strong><\/p>\n<ul>\n<li>Macadamia-\u00d6l<\/li>\n<li>Argan\u00f6l<\/li>\n<li>Avocado\u00f6l<\/li>\n<li>Sesam\u00f6l<\/li>\n<li>S\u00fc\u00dfmandel\u00f6l<\/li>\n<\/ul>\n<p><strong>Wesentliche Merkmale:<\/strong><\/p>\n<ul>\n<li>Ecocert-zertifiziertes Haar\u00f6l<\/li>\n<li>100% Inhaltsstoffe nat\u00fcrlichen Ursprungs<\/li>\n<li>Leichtes \u00d6l, das schnell einzieht<\/li>\n<li>Geeignet f\u00fcr Haar und Kopfhaut<\/li>\n<li>Kann als Styling\u00f6l oder Pflege\u00f6l verwendet werden<\/li>\n<li>Zum Mischen mit der R&amp;C Hydrating Hair Mask<\/li>\n<li>Reich an pflanzlichen \u00d6len<\/li>\n<li>Inhalt: 30 ml<\/li>\n<\/ul>","protected":false},"excerpt":{"rendered":"<p>Dieses Ecocert-zertifizierte \u00d6l hat eine st\u00e4rkende Wirkung auf Haar und Kopfhaut.<\/p>","protected":false},"featured_media":15303,"comment_status":"open","ping_status":"closed","template":"","meta":{"_acf_changed":false,"_joinchat":[]},"product_brand":[598],"product_cat":[415,419,198,410,430,112],"product_tag":[],"class_list":{"0":"post-12532","1":"product","2":"type-product","3":"status-publish","4":"has-post-thumbnail","6":"product_brand-rodolphe-co","7":"product_cat-haarverzorging","8":"product_cat-hoofdhuidverzorging","9":"product_cat-merken","10":"product_cat-rodolphe-co","11":"product_cat-styling","12":"product_cat-stylingold","13":"pa_certificering-1-for-the-planet","14":"pa_certificering-100-natuurlijk","15":"pa_certificering-cosmebio","16":"pa_certificering-ecocert","17":"pa_geschikt-voor-beschadigd-haar","18":"pa_geschikt-voor-gekleurd-haar","19":"pa_geschikt-voor-gespleten-haarpunten","20":"pa_geschikt-voor-krullen","21":"pa_geschikt-voor-lang-haar","22":"pa_geschikt-voor-zon-bescherming","23":"pa_inhoud-30ml","24":"pa_merk-rodolphe-co","25":"pa_soort-product-oil-treatments","27":"first","28":"instock","29":"taxable","30":"shipping-taxable","31":"purchasable","32":"product-type-simple"},"exclude_global_add_ons":[],"addons":[],"acf":[],"_links":{"self":[{"href":"https:\/\/www.denatuurlijkekappershop.nl\/de\/wp-json\/wp\/v2\/product\/12532","targetHints":{"allow":["GET"]}}],"collection":[{"href":"https:\/\/www.denatuurlijkekappershop.nl\/de\/wp-json\/wp\/v2\/product"}],"about":[{"href":"https:\/\/www.denatuurlijkekappershop.nl\/de\/wp-json\/wp\/v2\/types\/product"}],"replies":[{"embeddable":true,"href":"https:\/\/www.denatuurlijkekappershop.nl\/de\/wp-json\/wp\/v2\/comments?post=12532"}],"wp:featuredmedia":[{"embeddable":true,"href":"https:\/\/www.denatuurlijkekappershop.nl\/de\/wp-json\/wp\/v2\/media\/15303"}],"wp:attachment":[{"href":"https:\/\/www.denatuurlijkekappershop.nl\/de\/wp-json\/wp\/v2\/media?parent=12532"}],"wp:term":[{"taxonomy":"product_brand","embeddable":true,"href":"https:\/\/www.denatuurlijkekappershop.nl\/de\/wp-json\/wp\/v2\/product_brand?post=12532"},{"taxonomy":"product_cat","embeddable":true,"href":"https:\/\/www.denatuurlijkekappershop.nl\/de\/wp-json\/wp\/v2\/product_cat?post=12532"},{"taxonomy":"product_tag","embeddable":true,"href":"https:\/\/www.denatuurlijkekappershop.nl\/de\/wp-json\/wp\/v2\/product_tag?post=12532"}],"curies":[{"name":"wp","href":"https:\/\/api.w.org\/{rel}","templated":true}]}}