{"id":12526,"date":"2024-05-09T21:08:56","date_gmt":"2024-05-09T19:08:56","guid":{"rendered":"https:\/\/denatuurlijkekapper.nl\/?post_type=product&#038;p=12526"},"modified":"2026-04-02T16:26:39","modified_gmt":"2026-04-02T14:26:39","slug":"rodolphe-co-mineral-volumising-shampoo-50gr","status":"publish","type":"product","link":"https:\/\/www.denatuurlijkekappershop.nl\/de\/rodolphe-co-mineral-volumizing-shampoo-50gr\/","title":{"rendered":"R&amp;C volumengebendes mineralisches (Pulver-)Shampoo 50g"},"content":{"rendered":"<p><strong>R&amp;C Volumising Mineral Shampoo (Pulver) 50g<\/strong> ist ein Pulvershampoo mit Inhaltsstoffen nat\u00fcrlichen Ursprungs. Dieses kompakte Shampoo reinigt das Haar und kann dazu beitragen, dass sich das Haar heller und voller anf\u00fchlt.<\/p>\n<p>Die Formel umfasst <strong>Bentonit-Ton und Austernschalenpulver<\/strong>. Diese Mineralien helfen, Produktr\u00fcckst\u00e4nde und \u00fcbersch\u00fcssigen Talg von Haar und Kopfhaut zu l\u00f6sen, sodass sich das Haar frisch und leicht anf\u00fchlt.<\/p>\n<p>Dank seiner Pulverform ist dieses Shampoo hochkonzentriert und sparsam in der Anwendung. Eine kleine Menge des Pulvers reicht aus, um das Haar zu waschen. Bei Kontakt mit Wasser bildet das Pulver einen Schaum, der sich leicht im Haar verteilen l\u00e4sst.<\/p>\n<p>Diese Shampooform ist praktisch f\u00fcr den t\u00e4glichen Gebrauch und kann bequem auf Reisen mitgenommen werden, da keine Fl\u00fcssigkeit ben\u00f6tigt wird.<\/p>\n<p><strong>Wesentliche Merkmale:<\/strong><\/p>\n<ul>\n<li>Shampoopulver mit Inhaltsstoffen nat\u00fcrlichen Ursprungs<\/li>\n<li>Sorgt daf\u00fcr, dass sich das Haar frisch und luftig anf\u00fchlt<\/li>\n<li>Mit Bentonit-Ton und Austernschalenpulver<\/li>\n<li>Konzentrierte Formel<\/li>\n<li>Sparsam im Gebrauch<\/li>\n<li>Geeignet f\u00fcr verschiedene Haartypen<\/li>\n<li>Praktische Gr\u00f6\u00dfe f\u00fcr zu Hause oder unterwegs<\/li>\n<li>Inhalt: 50 g<\/li>\n<\/ul>","protected":false},"excerpt":{"rendered":"<p>Dieses Ecocert-zertifizierte Pulvershampoo (ohne Cocamidopropylbetain) hat eine stark mineralisierende Wirkung auf Haar und Kopfhaut.<\/p>","protected":false},"featured_media":15199,"comment_status":"open","ping_status":"closed","template":"","meta":{"_acf_changed":false,"_joinchat":[]},"product_brand":[598],"product_cat":[415,198,410,416],"product_tag":[562],"class_list":{"0":"post-12526","1":"product","2":"type-product","3":"status-publish","4":"has-post-thumbnail","6":"product_brand-rodolphe-co","7":"product_cat-haarverzorging","8":"product_cat-merken","9":"product_cat-rodolphe-co","10":"product_cat-shampoo","11":"product_tag-gevoeligehoofdhuid","12":"pa_certificering-1-for-the-planet","13":"pa_certificering-cosmebio","14":"pa_certificering-ecocert","15":"pa_geschikt-voor-elk-haartype","16":"pa_geschikt-voor-fijn-dun-haar","17":"pa_geschikt-voor-gevoelige-hoofdhuid","18":"pa_geschikt-voor-glans","19":"pa_geschikt-voor-krullen","20":"pa_geschikt-voor-vet-haar-hoofdhuid","21":"pa_geschikt-voor-volume","22":"pa_inhoud-50g","23":"pa_merk-rodolphe-co","24":"pa_soort-product-shampoo","26":"first","27":"instock","28":"taxable","29":"shipping-taxable","30":"purchasable","31":"product-type-simple"},"exclude_global_add_ons":[],"addons":[],"acf":[],"_links":{"self":[{"href":"https:\/\/www.denatuurlijkekappershop.nl\/de\/wp-json\/wp\/v2\/product\/12526","targetHints":{"allow":["GET"]}}],"collection":[{"href":"https:\/\/www.denatuurlijkekappershop.nl\/de\/wp-json\/wp\/v2\/product"}],"about":[{"href":"https:\/\/www.denatuurlijkekappershop.nl\/de\/wp-json\/wp\/v2\/types\/product"}],"replies":[{"embeddable":true,"href":"https:\/\/www.denatuurlijkekappershop.nl\/de\/wp-json\/wp\/v2\/comments?post=12526"}],"wp:featuredmedia":[{"embeddable":true,"href":"https:\/\/www.denatuurlijkekappershop.nl\/de\/wp-json\/wp\/v2\/media\/15199"}],"wp:attachment":[{"href":"https:\/\/www.denatuurlijkekappershop.nl\/de\/wp-json\/wp\/v2\/media?parent=12526"}],"wp:term":[{"taxonomy":"product_brand","embeddable":true,"href":"https:\/\/www.denatuurlijkekappershop.nl\/de\/wp-json\/wp\/v2\/product_brand?post=12526"},{"taxonomy":"product_cat","embeddable":true,"href":"https:\/\/www.denatuurlijkekappershop.nl\/de\/wp-json\/wp\/v2\/product_cat?post=12526"},{"taxonomy":"product_tag","embeddable":true,"href":"https:\/\/www.denatuurlijkekappershop.nl\/de\/wp-json\/wp\/v2\/product_tag?post=12526"}],"curies":[{"name":"wp","href":"https:\/\/api.w.org\/{rel}","templated":true}]}}