{"id":12207,"date":"2024-02-28T09:27:59","date_gmt":"2024-02-28T08:27:59","guid":{"rendered":"https:\/\/denatuurlijkekapper.nl\/?post_type=product&#038;p=12207"},"modified":"2026-04-24T14:34:34","modified_gmt":"2026-04-24T12:34:34","slug":"bio-zertifiziertes-shikakai-pulver-100-g-ayurvedische-haarkrauter","status":"publish","type":"product","link":"https:\/\/www.denatuurlijkekappershop.nl\/de\/gecertificeerd-biologisch-shikakai-poeder-100-gram-ayurvedische-haarkruiden\/","title":{"rendered":"Bio-zertifiziertes Shikakai-Pulver (100 Gramm) - Ayurvedische Haarkr\u00e4uter"},"content":{"rendered":"<p><strong>Bio-zertifiziertes Shikakai-Pulver<\/strong> ist ein traditionelles ayurvedisches Haarkraut, das seit langem in der nat\u00fcrlichen Haarpflege verwendet wird. Das Pulver wird aus den Schoten der Pflanze hergestellt. <strong>Acacia concinna<\/strong>-Pflanze.<\/p>\n<p>Shikakai enth\u00e4lt nat\u00fcrliche Saponine. Mit Wasser vermischt, bildet das Pulver einen milden Schaum, der Haar und Kopfhaut sanft reinigen kann.<\/p>\n<p>Das Pulver wird oft als Alternative zu fl\u00fcssigem Shampoo verwendet. Das Haar kann sich nach der Anwendung sauber, leicht und geschmeidig anf\u00fchlen und ist in der Regel besser k\u00e4mmbar.<\/p>\n<p>Shikakai ist in der nat\u00fcrlichen und ayurvedischen Haarpflege weit verbreitet und kann mit anderen pflanzlichen Pulvern wie Amla oder Reetha kombiniert werden.<\/p>\n<p><strong>Merkmale:<\/strong><\/p>\n<ul>\n<li>Traditionelles ayurvedisches Haarkraut<\/li>\n<li>Enth\u00e4lt nat\u00fcrliche Saponine<\/li>\n<li>Mild reinigend<\/li>\n<li>Geeignet f\u00fcr die nat\u00fcrliche Haarpflege<\/li>\n<li>Kann helfen, das Haar besser k\u00e4mmbar zu machen<\/li>\n<li>100% Bio-Shikakai-Pulver<\/li>\n<li>Inhalt: 100 Gramm<\/li>\n<\/ul>","protected":false},"excerpt":{"rendered":"<p>Shikakai-Pulver ist ein traditionelles ayurvedisches Haarkraut, das das Haar sanft reinigt, ohne die nat\u00fcrlichen \u00d6le zu entfernen. Es hilft, die Kopfhaut frisch zu halten, macht das Haar besser k\u00e4mmbar und kann Frizz reduzieren.<\/p>","protected":false},"featured_media":15305,"comment_status":"closed","ping_status":"closed","template":"","meta":{"_acf_changed":false,"_joinchat":[]},"product_brand":[607],"product_cat":[415,417,419,396,198],"product_tag":[],"class_list":{"0":"post-12207","1":"product","2":"type-product","3":"status-publish","4":"has-post-thumbnail","6":"product_brand-its-pure-organics","7":"product_cat-haarverzorging","8":"product_cat-conditioner-en-masker","9":"product_cat-hoofdhuidverzorging","10":"product_cat-its-pure-organics","11":"product_cat-merken","12":"pa_certificering-100-natuurlijk","13":"pa_certificering-biologisch-gecertificeerd","14":"pa_certificering-soil-association-certified-cosmos-organic","15":"pa_geschikt-voor-droog-haar","16":"pa_geschikt-voor-gevoelige-hoofdhuid","17":"pa_geschikt-voor-krullen","18":"pa_geschikt-voor-normaal-haar","19":"pa_geschikt-voor-reiniging","20":"pa_geschikt-voor-vet-haar-hoofdhuid","21":"pa_inhoud-100g","22":"pa_merk-its-pure-organics","23":"pa_soort-product-haar-huid-herstel","24":"pa_soort-product-haarverzorging","25":"pa_soort-product-hoofdhuidverzorging","27":"first","28":"instock","29":"taxable","30":"shipping-taxable","31":"purchasable","32":"product-type-simple"},"exclude_global_add_ons":[],"addons":[],"acf":[],"_links":{"self":[{"href":"https:\/\/www.denatuurlijkekappershop.nl\/de\/wp-json\/wp\/v2\/product\/12207","targetHints":{"allow":["GET"]}}],"collection":[{"href":"https:\/\/www.denatuurlijkekappershop.nl\/de\/wp-json\/wp\/v2\/product"}],"about":[{"href":"https:\/\/www.denatuurlijkekappershop.nl\/de\/wp-json\/wp\/v2\/types\/product"}],"replies":[{"embeddable":true,"href":"https:\/\/www.denatuurlijkekappershop.nl\/de\/wp-json\/wp\/v2\/comments?post=12207"}],"wp:featuredmedia":[{"embeddable":true,"href":"https:\/\/www.denatuurlijkekappershop.nl\/de\/wp-json\/wp\/v2\/media\/15305"}],"wp:attachment":[{"href":"https:\/\/www.denatuurlijkekappershop.nl\/de\/wp-json\/wp\/v2\/media?parent=12207"}],"wp:term":[{"taxonomy":"product_brand","embeddable":true,"href":"https:\/\/www.denatuurlijkekappershop.nl\/de\/wp-json\/wp\/v2\/product_brand?post=12207"},{"taxonomy":"product_cat","embeddable":true,"href":"https:\/\/www.denatuurlijkekappershop.nl\/de\/wp-json\/wp\/v2\/product_cat?post=12207"},{"taxonomy":"product_tag","embeddable":true,"href":"https:\/\/www.denatuurlijkekappershop.nl\/de\/wp-json\/wp\/v2\/product_tag?post=12207"}],"curies":[{"name":"wp","href":"https:\/\/api.w.org\/{rel}","templated":true}]}}