{"id":11336,"date":"2022-10-05T12:16:50","date_gmt":"2022-10-05T10:16:50","guid":{"rendered":"https:\/\/denatuurlijkekapper.nl\/?post_type=product&#038;p=11336"},"modified":"2026-04-01T19:15:10","modified_gmt":"2026-04-01T17:15:10","slug":"bio-zertifiziertes-wachsnusspulver-100-gramm-ayurvedische-haarkrauter","status":"publish","type":"product","link":"https:\/\/www.denatuurlijkekappershop.nl\/de\/gecertificeerd-biologisch-wasnoot-poeder-100-gram-ayurvedische-haarkruiden\/","title":{"rendered":"Wachsnusspulver aus kontrolliert biologischem Anbau (100 Gramm) - Ayurvedische Haarkr\u00e4uter"},"content":{"rendered":"<p><strong>Wachsnusspulver aus kontrolliert biologischem Anbau<\/strong> (reetha) ist ein traditionelles ayurvedisches Haarkraut, das seit Jahrhunderten zur Reinigung von Haar und Haut verwendet wird. Das Pulver wird aus den Fr\u00fcchten des <strong>Sapindus mukorossi<\/strong>-Baum, der auch als Wachsbaum bekannt ist.<\/p>\n<p>Wachsnusspulver enth\u00e4lt nat\u00fcrliche Saponine. Wenn das Pulver mit Wasser vermischt wird, bildet es einen milden Schaum, der Haar und Kopfhaut sanft reinigen kann, ohne die nat\u00fcrlichen \u00d6le der Kopfhaut zu entfernen.<\/p>\n<p>Dieses ayurvedische Kraut wird oft als nat\u00fcrliche Alternative zu fl\u00fcssigem Shampoo verwendet. Das Haar kann sich nach der Anwendung sauber, leicht und frisch anf\u00fchlen und bleibt in der Regel besser ausgeglichen.<\/p>\n<p>Neben der Haarpflege kann das Wachsnusspulver auch als mildes Reinigungsmittel f\u00fcr Gesicht und K\u00f6rper verwendet werden. In Kombination mit Wasser bildet es ein sanftes Peeling, das der Haut ein sauberes und gepflegtes Gef\u00fchl verleiht.<\/p>\n<p>Dieses Produkt besteht aus <strong>100% Bio-Wachsnusspulver<\/strong> und enth\u00e4lt keine synthetischen Zus\u00e4tze, Parf\u00fcmstoffe oder Konservierungsmittel.<\/p>\n<p><strong>Merkmale:<\/strong><\/p>\n<ul>\n<li>100% Bio-Wachsnusspulver<\/li>\n<li>Traditionelles ayurvedisches Haarkraut<\/li>\n<li>Enth\u00e4lt nat\u00fcrliche Saponine<\/li>\n<li>Sanfte Reinigung f\u00fcr Haar und Kopfhaut<\/li>\n<li>Geeignet als nat\u00fcrliches Shampoo<\/li>\n<li>Kann auch als mildes Hautreinigungsmittel verwendet werden<\/li>\n<li>Frei von synthetischen Zusatzstoffen<\/li>\n<li>Inhalt: 100 Gramm<\/li>\n<\/ul>","protected":false},"excerpt":{"rendered":"<p>Bio-Wachsnusspulver (Reetha) ist ein traditionelles ayurvedisches Haarkraut, das dank nat\u00fcrlicher Saponine das Haar sanft reinigt. Ideal als nat\u00fcrliches Shampoo f\u00fcr Haare und Kopfhaut.<\/p>","protected":false},"featured_media":15169,"comment_status":"closed","ping_status":"closed","template":"","meta":{"_acf_changed":false,"_joinchat":[]},"product_brand":[607],"product_cat":[415,419,396,198,416],"product_tag":[560],"class_list":{"0":"post-11336","1":"product","2":"type-product","3":"status-publish","4":"has-post-thumbnail","6":"product_brand-its-pure-organics","7":"product_cat-haarverzorging","8":"product_cat-hoofdhuidverzorging","9":"product_cat-its-pure-organics","10":"product_cat-merken","11":"product_cat-shampoo","12":"product_tag-anti-roos","13":"pa_certificering-100-natuurlijk","14":"pa_certificering-biologisch-gecertificeerd","15":"pa_certificering-soil-association-certified-cosmos-organic","16":"pa_geschikt-voor-anti-roos","17":"pa_geschikt-voor-beschadigd-haar","18":"pa_geschikt-voor-droge-huid","19":"pa_geschikt-voor-gevoelige-hoofdhuid","20":"pa_geschikt-voor-normaal-haar","21":"pa_geschikt-voor-reiniging","22":"pa_geschikt-voor-vet-haar-hoofdhuid","23":"pa_inhoud-100g","24":"pa_merk-its-pure-organics","25":"pa_soort-product-haar-huid-herstel","26":"pa_soort-product-haarverzorging","27":"pa_soort-product-hoofdhuidverzorging","29":"first","30":"instock","31":"taxable","32":"shipping-taxable","33":"purchasable","34":"product-type-simple"},"exclude_global_add_ons":[],"addons":[],"acf":[],"_links":{"self":[{"href":"https:\/\/www.denatuurlijkekappershop.nl\/de\/wp-json\/wp\/v2\/product\/11336","targetHints":{"allow":["GET"]}}],"collection":[{"href":"https:\/\/www.denatuurlijkekappershop.nl\/de\/wp-json\/wp\/v2\/product"}],"about":[{"href":"https:\/\/www.denatuurlijkekappershop.nl\/de\/wp-json\/wp\/v2\/types\/product"}],"replies":[{"embeddable":true,"href":"https:\/\/www.denatuurlijkekappershop.nl\/de\/wp-json\/wp\/v2\/comments?post=11336"}],"wp:featuredmedia":[{"embeddable":true,"href":"https:\/\/www.denatuurlijkekappershop.nl\/de\/wp-json\/wp\/v2\/media\/15169"}],"wp:attachment":[{"href":"https:\/\/www.denatuurlijkekappershop.nl\/de\/wp-json\/wp\/v2\/media?parent=11336"}],"wp:term":[{"taxonomy":"product_brand","embeddable":true,"href":"https:\/\/www.denatuurlijkekappershop.nl\/de\/wp-json\/wp\/v2\/product_brand?post=11336"},{"taxonomy":"product_cat","embeddable":true,"href":"https:\/\/www.denatuurlijkekappershop.nl\/de\/wp-json\/wp\/v2\/product_cat?post=11336"},{"taxonomy":"product_tag","embeddable":true,"href":"https:\/\/www.denatuurlijkekappershop.nl\/de\/wp-json\/wp\/v2\/product_tag?post=11336"}],"curies":[{"name":"wp","href":"https:\/\/api.w.org\/{rel}","templated":true}]}}