{"id":11090,"date":"2022-03-22T10:59:33","date_gmt":"2022-03-22T09:59:33","guid":{"rendered":"https:\/\/denatuurlijkekapper.nl\/?post_type=product&#038;p=11090"},"modified":"2026-04-19T09:04:24","modified_gmt":"2026-04-19T07:04:24","slug":"bio-haarstyling-creme-100ml","status":"publish","type":"product","link":"https:\/\/www.denatuurlijkekappershop.nl\/de\/bio-hair-styling-creme-100ml\/","title":{"rendered":"Bio Haarstyling Creme 100ml"},"content":{"rendered":"<h2>Bio Hair Styling Cr\u00e8me 100ml<\/h2>\n<p><strong>Bio Hair Styling Cr\u00e8me<\/strong> is een natuurlijke stylingcr\u00e8me die het haar een zachte structuur en flexibele styling geeft. De formule combineert verzorgende ingredi\u00ebnten zoals honing, bijenwas en botanische extracten met een selectie van essenti\u00eble oli\u00ebn.<\/p>\n<p>De lichte textuur helpt het haar in model te brengen zonder het te verzwaren. Tegelijk kan de cr\u00e8me het haar soepel en verzorgd laten aanvoelen. Hierdoor is het product geschikt voor het cre\u00ebren van een natuurlijke, flexibele styling.<\/p>\n<p>De combinatie van citrusoli\u00ebn, kruidenextracten en ayurvedische planten geeft de cr\u00e8me een frisse, kruidige geur en maakt het stylen van het haar een aangename routine.<\/p>\n<h3>Waarom kiezen voor deze stylingcr\u00e8me?<\/h3>\n<ul>\n<li>Geeft het haar zachte structuur en lichte fixatie<\/li>\n<li>Helpt het haar soepel en natuurlijk in model te brengen<\/li>\n<li>Beschwert das Haar nicht<\/li>\n<li>Met honing, bijenwas en botanische extracten<\/li>\n<li>Frisse geur van citrus en kruiden<\/li>\n<li>Geeignet f\u00fcr den t\u00e4glichen Gebrauch<\/li>\n<\/ul>\n<h3>Verwenden Sie<\/h3>\n<ol>\n<li>Neem een kleine hoeveelheid stylingcr\u00e8me in de handpalm.<\/li>\n<li>Wrijf de cr\u00e8me tussen de vingers om deze licht te verwarmen.<\/li>\n<li>Verdeel gelijkmatig over droog haar.<\/li>\n<li>Breng het haar in model naar wens.<\/li>\n<li>Indien nodig kan een kleine hoeveelheid opnieuw worden aangebracht.<\/li>\n<\/ol>","protected":false},"excerpt":{"rendered":"<p>Unsere BIO-Stylingcreme 100% verleiht dem Haar eine weiche Textur. Formuliert mit Honig, Bienenwachs, ayurvedischen Pflanzen und angereichert mit \u00e4therischen \u00d6len aus S\u00fc\u00dforange, Mandarine, Limette, Bergamotte, rotem Thymian, Rosmarin, Atlaszeder, Patchouli, Majoran und Oregano. Die Styling Wax Stylingcreme strukturiert und befeuchtet die Haarfaser, ohne sie zu beschweren, f\u00fcr gesundes Haar.<\/p>","protected":false},"featured_media":15210,"comment_status":"closed","ping_status":"closed","template":"","meta":{"_acf_changed":false,"_joinchat":[]},"product_brand":[604],"product_cat":[198,390,430,112],"product_tag":[],"class_list":{"0":"post-11090","1":"product","2":"type-product","3":"status-publish","4":"has-post-thumbnail","6":"product_brand-bio-hair","7":"product_cat-merken","8":"product_cat-bio-hair","9":"product_cat-styling","10":"product_cat-stylingold","11":"pa_certificering-biologisch","12":"pa_certificering-dierproefvrij","13":"pa_certificering-vegan","14":"pa_certificering-vrij-van-schadelijke-stoffen","15":"pa_inhoud-100ml","16":"pa_merk-bio-hair","17":"pa_soort-product-styling","19":"first","20":"instock","21":"taxable","22":"shipping-taxable","23":"purchasable","24":"product-type-simple"},"exclude_global_add_ons":[],"addons":[],"acf":[],"_links":{"self":[{"href":"https:\/\/www.denatuurlijkekappershop.nl\/de\/wp-json\/wp\/v2\/product\/11090","targetHints":{"allow":["GET"]}}],"collection":[{"href":"https:\/\/www.denatuurlijkekappershop.nl\/de\/wp-json\/wp\/v2\/product"}],"about":[{"href":"https:\/\/www.denatuurlijkekappershop.nl\/de\/wp-json\/wp\/v2\/types\/product"}],"replies":[{"embeddable":true,"href":"https:\/\/www.denatuurlijkekappershop.nl\/de\/wp-json\/wp\/v2\/comments?post=11090"}],"wp:featuredmedia":[{"embeddable":true,"href":"https:\/\/www.denatuurlijkekappershop.nl\/de\/wp-json\/wp\/v2\/media\/15210"}],"wp:attachment":[{"href":"https:\/\/www.denatuurlijkekappershop.nl\/de\/wp-json\/wp\/v2\/media?parent=11090"}],"wp:term":[{"taxonomy":"product_brand","embeddable":true,"href":"https:\/\/www.denatuurlijkekappershop.nl\/de\/wp-json\/wp\/v2\/product_brand?post=11090"},{"taxonomy":"product_cat","embeddable":true,"href":"https:\/\/www.denatuurlijkekappershop.nl\/de\/wp-json\/wp\/v2\/product_cat?post=11090"},{"taxonomy":"product_tag","embeddable":true,"href":"https:\/\/www.denatuurlijkekappershop.nl\/de\/wp-json\/wp\/v2\/product_tag?post=11090"}],"curies":[{"name":"wp","href":"https:\/\/api.w.org\/{rel}","templated":true}]}}