{"id":10869,"date":"2021-05-10T11:33:37","date_gmt":"2021-05-10T09:33:37","guid":{"rendered":"https:\/\/denatuurlijkekapper.nl\/?post_type=product&#038;p=10869"},"modified":"2026-04-06T10:42:24","modified_gmt":"2026-04-06T08:42:24","slug":"mas-newen-probiotischer-reiskleie-conditioner","status":"publish","type":"product","link":"https:\/\/www.denatuurlijkekappershop.nl\/de\/mas-newen-probiotic-rice-bran-conditioner\/","title":{"rendered":"Mas Newen Probiotic Reiskleie Conditioner"},"content":{"rendered":"<h2>Mas Newen Probiotic Reiskleie Conditioner<\/h2>\n<p>Die <strong>Mas Newen Probiotic Reiskleie Conditioner<\/strong> ist ein pflanzlicher Conditioner mit fermentierter Reiskleie. Diese nat\u00fcrliche Formel pflegt das Haar, macht es weich und geschmeidig, ohne es zu beschweren.<\/p>\n<p>Die Basis dieses Conditioners besteht aus Reiskleie. Das sind die nahrhaften Membranen, die beim Polieren von unpoliertem braunem Reis freigesetzt werden. Diese Schicht enth\u00e4lt von Natur aus viele Vitamine, Mineralien und Antioxidantien, die zur Pflege des Haares beitragen.<\/p>\n<p>Durch den Fermentationsprozess werden diese N\u00e4hrstoffe besser aufgenommen. So k\u00f6nnen die Inhaltsstoffe ihre pflegenden Eigenschaften optimal entfalten und die Sp\u00fclung tr\u00e4gt zu einer gesunden Haarpflege bei.<\/p>\n<p>Die Formel enth\u00e4lt au\u00dferdem nat\u00fcrliche Extrakte wie Waschnuss, Makrut-Limette, Rosenapfel und Lorbeerblatt. Diese Inhaltsstoffe reinigen und pflegen das Haar sanft und sorgen f\u00fcr ein geschmeidiges und gl\u00e4nzendes Haargef\u00fchl.<\/p>\n<p>Da die Sp\u00fclung keine Silikone, Sulfate oder synthetischen Zusatzstoffe enth\u00e4lt, bleibt das Haar leicht und luftig. Das Haar f\u00fchlt sich weich an, bleibt leicht k\u00e4mmbar und beh\u00e4lt sein nat\u00fcrliches Volumen.<\/p>\n<p><strong>Wesentliche Merkmale:<\/strong><\/p>\n<ul>\n<li>Nat\u00fcrlicher Conditioner mit fermentierter Reiskleie<\/li>\n<li>Macht das Haar weicher und entwirrt es<\/li>\n<li>Pflanzenbasierte Formel ohne Silikone und Sulfate<\/li>\n<li>Frei von Parabenen, Palm\u00f6l und synthetischen Duftstoffen<\/li>\n<li>Geeignet f\u00fcr den t\u00e4glichen Gebrauch<\/li>\n<li>Unterst\u00fctzt eine gesunde Haar- und Kopfhautpflege<\/li>\n<li>Verpackt in einer recycelbaren Flasche<\/li>\n<\/ul>","protected":false},"excerpt":{"rendered":"<p><strong>Mas Newen Probiotic Reiskleie Conditioner<\/strong> ist ein nat\u00fcrlicher Conditioner auf Pflanzenbasis mit fermentierter Reiskleie. Die Formel pflegt das Haar, macht es weich und leichter k\u00e4mmbar, ohne es zu beschweren.<\/p>\n<p>Diese probiotische Sp\u00fclung pflegt Haar und Kopfhaut mit pflanzlichen Inhaltsstoffen und nat\u00fcrlichen Vitaminen. Frei von Parabenen, Palm\u00f6l, SLS, synthetischen Duftstoffen und Glycerin. Erh\u00e4ltlich in 100ml, 250ml und 1000ml.<\/p>","protected":false},"featured_media":15456,"comment_status":"closed","ping_status":"closed","template":"","meta":{"_acf_changed":false,"_joinchat":[]},"product_brand":[609],"product_cat":[415,417,370,198],"product_tag":[],"class_list":{"0":"post-10869","1":"product","2":"type-product","3":"status-publish","4":"has-post-thumbnail","6":"product_brand-mas-newen","7":"product_cat-haarverzorging","8":"product_cat-conditioner-en-masker","9":"product_cat-mas-newen","10":"product_cat-merken","11":"pa_certificering-100-natuurlijk","12":"pa_certificering-100-recyclebare-verpakking","13":"pa_certificering-biologisch","14":"pa_certificering-dierproefvrij","15":"pa_certificering-vegan","16":"pa_geschikt-voor-beschadigd-haar","17":"pa_geschikt-voor-droog-haar","18":"pa_geschikt-voor-fijn-dun-haar","19":"pa_geschikt-voor-gekleurd-haar","20":"pa_geschikt-voor-gevoelige-hoofdhuid","21":"pa_geschikt-voor-normaal-haar","22":"pa_inhoud-1000ml","23":"pa_inhoud-100ml","24":"pa_inhoud-250ml","25":"pa_merk-mas-newen","26":"pa_soort-product-haarverzorging","28":"first","29":"instock","30":"taxable","31":"shipping-taxable","32":"purchasable","33":"product-type-variable"},"exclude_global_add_ons":[],"addons":[],"acf":[],"_links":{"self":[{"href":"https:\/\/www.denatuurlijkekappershop.nl\/de\/wp-json\/wp\/v2\/product\/10869","targetHints":{"allow":["GET"]}}],"collection":[{"href":"https:\/\/www.denatuurlijkekappershop.nl\/de\/wp-json\/wp\/v2\/product"}],"about":[{"href":"https:\/\/www.denatuurlijkekappershop.nl\/de\/wp-json\/wp\/v2\/types\/product"}],"replies":[{"embeddable":true,"href":"https:\/\/www.denatuurlijkekappershop.nl\/de\/wp-json\/wp\/v2\/comments?post=10869"}],"wp:featuredmedia":[{"embeddable":true,"href":"https:\/\/www.denatuurlijkekappershop.nl\/de\/wp-json\/wp\/v2\/media\/15456"}],"wp:attachment":[{"href":"https:\/\/www.denatuurlijkekappershop.nl\/de\/wp-json\/wp\/v2\/media?parent=10869"}],"wp:term":[{"taxonomy":"product_brand","embeddable":true,"href":"https:\/\/www.denatuurlijkekappershop.nl\/de\/wp-json\/wp\/v2\/product_brand?post=10869"},{"taxonomy":"product_cat","embeddable":true,"href":"https:\/\/www.denatuurlijkekappershop.nl\/de\/wp-json\/wp\/v2\/product_cat?post=10869"},{"taxonomy":"product_tag","embeddable":true,"href":"https:\/\/www.denatuurlijkekappershop.nl\/de\/wp-json\/wp\/v2\/product_tag?post=10869"}],"curies":[{"name":"wp","href":"https:\/\/api.w.org\/{rel}","templated":true}]}}