{"id":248,"date":"2013-11-21T08:08:50","date_gmt":"2013-11-21T08:08:50","guid":{"rendered":"http:\/\/wedesignthemes.com\/themes\/dummy-soulmedic\/?page_id=64"},"modified":"2026-01-08T16:57:58","modified_gmt":"2026-01-08T15:57:58","slug":"kontakt","status":"publish","type":"page","link":"https:\/\/www.denatuurlijkekappershop.nl\/de\/contact\/","title":{"rendered":"Kontakt"},"content":{"rendered":"<h3 class=\"fusion-responsive-typography-calculated\" style=\"--fontsize: 26; line-height: 1.15; --minfontsize: 26;\" data-fontsize=\"26\" data-lineheight=\"29.9px\">Kontakt zu Diana \/ The Natural Hairdresser<\/h3>\n<p>Bei der Vereinbarung eines Termins im Friseursalon k\u00f6nnen Sie <a href=\"https:\/\/afspraken.denatuurlijkekapper.nl\/\" target=\"_blank\" rel=\"noopener noreferrer\">hier<\/a> arrangieren, kann die Bestellung eines Produkts in unserem <a href=\"https:\/\/denatuurlijkekapper.nl\/webwinkel\/\" target=\"_blank\" rel=\"noopener\">Internetshop<\/a>Wenn Sie Fragen haben, verwenden Sie bitte das Formular auf dieser Seite.<br \/>Nat\u00fcrlich ist auch ein Anruf oder WhatsApping immer erlaubt! :)<\/p>\n<p>Es ist mir sehr wichtig, w\u00e4hrend der Behandlung ruhig zu sein und dem Kunden zuzuh\u00f6ren. Aus diesem Grund kann ich nicht ans Telefon gehen, wenn ich mit der Behandlung besch\u00e4ftigt bin. M\u00f6chten Sie zur\u00fcckgerufen werden? Hinterlassen Sie Ihren Namen und Ihre Nachricht und ich werde versuchen, Sie so schnell wie m\u00f6glich zur\u00fcckzurufen.<\/p>\n<p><strong>Adressangaben (nur nach Vereinbarung)<\/strong><br \/>Der Naturfriseur<br \/>Verdi-Hof 28<br \/>2402 VC Alphen aan den Rijn<\/p>\n<p>Telefon: 06-43432386<br \/><a href=\"mailto:info@denatuurlijkekapper.nl\">info@denatuurlijkekapper.nl<\/a><\/p>\n<p>Nummer der Handelskammer: 65126653<br \/>MwSt.-Nummer: NL001911377B48<\/p>\n\n\n<p><\/p>","protected":false},"excerpt":{"rendered":"<p>Contact opnemen met Diana \/ De Natuurlijke Kapper Het maken van een afspraak in de salon kun je hier regelen, bestellen van een product kan in onze webwinkel, voor vragen kun je gebruik maken van het formulier op deze pagina.Bellen of WhatsApp-en mag natuurlijk ook altijd! :) Rust en aandacht hebben voor de klant tijdens [&hellip;]<\/p>\n","protected":false},"author":1,"featured_media":0,"parent":0,"menu_order":0,"comment_status":"closed","ping_status":"closed","template":"","meta":{"_acf_changed":false,"_joinchat":[],"footnotes":""},"class_list":["post-248","page","type-page","status-publish","hentry"],"acf":[],"_links":{"self":[{"href":"https:\/\/www.denatuurlijkekappershop.nl\/de\/wp-json\/wp\/v2\/pages\/248","targetHints":{"allow":["GET"]}}],"collection":[{"href":"https:\/\/www.denatuurlijkekappershop.nl\/de\/wp-json\/wp\/v2\/pages"}],"about":[{"href":"https:\/\/www.denatuurlijkekappershop.nl\/de\/wp-json\/wp\/v2\/types\/page"}],"author":[{"embeddable":true,"href":"https:\/\/www.denatuurlijkekappershop.nl\/de\/wp-json\/wp\/v2\/users\/1"}],"replies":[{"embeddable":true,"href":"https:\/\/www.denatuurlijkekappershop.nl\/de\/wp-json\/wp\/v2\/comments?post=248"}],"version-history":[{"count":9,"href":"https:\/\/www.denatuurlijkekappershop.nl\/de\/wp-json\/wp\/v2\/pages\/248\/revisions"}],"predecessor-version":[{"id":14658,"href":"https:\/\/www.denatuurlijkekappershop.nl\/de\/wp-json\/wp\/v2\/pages\/248\/revisions\/14658"}],"wp:attachment":[{"href":"https:\/\/www.denatuurlijkekappershop.nl\/de\/wp-json\/wp\/v2\/media?parent=248"}],"curies":[{"name":"wp","href":"https:\/\/api.w.org\/{rel}","templated":true}]}}