{"id":15650,"date":"2026-03-09T09:22:21","date_gmt":"2026-03-09T08:22:21","guid":{"rendered":"https:\/\/www.denatuurlijkekappershop.nl\/?page_id=15650"},"modified":"2026-03-09T09:22:21","modified_gmt":"2026-03-09T08:22:21","slug":"gibt-zuruck","status":"publish","type":"page","link":"https:\/\/www.denatuurlijkekappershop.nl\/de\/retouren\/","title":{"rendered":"R\u00fcckgabe"},"content":{"rendered":"<p>M\u00f6chten Sie ein Produkt zur\u00fcckgeben? Das k\u00f6nnen Sie innerhalb der gesetzlichen Frist von 14 Tagen nach Erhalt Ihrer Bestellung tun. Auf unserer Seite zum Widerrufsrecht k\u00f6nnen Sie genau nachlesen, welche Bedingungen gelten.<\/p>\n<p>Die vollst\u00e4ndigen Bedingungen finden Sie zuerst unter:<br \/>\n<a href=\"https:\/\/www.denatuurlijkekappershop.nl\/de\/rucktrittsrecht\/\">https:\/\/www.denatuurlijkekappershop.nl\/herroepingsrecht<\/a><\/p>\n<p><strong>Registerr\u00fcckgabe<\/strong><\/p>\n<ul>\n<li>R\u00fccksendungen werden nur nach vorheriger Anmeldung ber\u00fccksichtigt. Bitte verwenden Sie zu diesem Zweck das R\u00fcckgabeformular auf dieser Seite.<\/li>\n<li>Nachdem Sie das Formular ausgef\u00fcllt und abgeschickt haben, erhalten Sie Anweisungen, wie Sie Ihre Bestellung zur\u00fccksenden k\u00f6nnen.<\/li>\n<\/ul>\n<p><strong>Wichtig<\/strong><\/p>\n<ul>\n<li>R\u00fccksendungen sind nur m\u00f6glich, wenn das Produkt die Bedingungen des Widerrufsrechts erf\u00fcllt.<\/li>\n<li>Die Produkte sollten - wenn m\u00f6glich - in ihrem urspr\u00fcnglichen Zustand und in der Originalverpackung zur\u00fcckgegeben werden.<\/li>\n<li>K\u00f6rperpflegeprodukte, deren Siegel gebrochen ist, k\u00f6nnen aus hygienischen Gr\u00fcnden nicht zur\u00fcckgegeben werden.<\/li>\n<li>Die R\u00fccksendekosten gehen zu Ihren Lasten.<\/li>\n<\/ul>\n<p><strong>Schritte f\u00fcr R\u00fccksendungen<\/strong><\/p>\n<ul>\n<li>F\u00fcllen Sie das R\u00fccksendeformular auf dieser Seite aus. Sie k\u00f6nnen dies verwenden <a href=\"https:\/\/www.denatuurlijkekappershop.nl\/wp-content\/uploads\/2026\/03\/formulier-voor-herroeping-de-natuurlijke-kapper.doc\">hier<\/a> herunterladen.<\/li>\n<li>Warten Sie die R\u00fccksendeanweisungen ab, die Sie per E-Mail erhalten.<\/li>\n<li>Verpacken Sie das Produkt sorgf\u00e4ltig und senden Sie es gem\u00e4\u00df den erhaltenen Anweisungen zur\u00fcck.<\/li>\n<\/ul>\n<p>R\u00fccksendungen, die nicht im Voraus \u00fcber das Formular angemeldet wurden, k\u00f6nnen leider nicht bearbeitet werden.<\/p>","protected":false},"excerpt":{"rendered":"<p>Wil je een product retourneren? Dat kan binnen de wettelijke termijn van 14 dagen na ontvangst van je bestelling. Op onze pagina met het herroepingsrecht lees je precies welke voorwaarden hiervoor gelden. Bekijk eerst de volledige voorwaarden op: https:\/\/www.denatuurlijkekappershop.nl\/herroepingsrecht Retour aanmelden Retouren worden alleen in behandeling genomen wanneer deze vooraf zijn aangemeld. Gebruik hiervoor het [&hellip;]<\/p>\n","protected":false},"author":1,"featured_media":0,"parent":0,"menu_order":0,"comment_status":"closed","ping_status":"closed","template":"","meta":{"_acf_changed":false,"_joinchat":[],"footnotes":""},"class_list":["post-15650","page","type-page","status-publish","hentry"],"acf":[],"_links":{"self":[{"href":"https:\/\/www.denatuurlijkekappershop.nl\/de\/wp-json\/wp\/v2\/pages\/15650","targetHints":{"allow":["GET"]}}],"collection":[{"href":"https:\/\/www.denatuurlijkekappershop.nl\/de\/wp-json\/wp\/v2\/pages"}],"about":[{"href":"https:\/\/www.denatuurlijkekappershop.nl\/de\/wp-json\/wp\/v2\/types\/page"}],"author":[{"embeddable":true,"href":"https:\/\/www.denatuurlijkekappershop.nl\/de\/wp-json\/wp\/v2\/users\/1"}],"replies":[{"embeddable":true,"href":"https:\/\/www.denatuurlijkekappershop.nl\/de\/wp-json\/wp\/v2\/comments?post=15650"}],"version-history":[{"count":2,"href":"https:\/\/www.denatuurlijkekappershop.nl\/de\/wp-json\/wp\/v2\/pages\/15650\/revisions"}],"predecessor-version":[{"id":15653,"href":"https:\/\/www.denatuurlijkekappershop.nl\/de\/wp-json\/wp\/v2\/pages\/15650\/revisions\/15653"}],"wp:attachment":[{"href":"https:\/\/www.denatuurlijkekappershop.nl\/de\/wp-json\/wp\/v2\/media?parent=15650"}],"curies":[{"name":"wp","href":"https:\/\/api.w.org\/{rel}","templated":true}]}}