{"id":11237,"date":"2022-09-08T15:34:43","date_gmt":"2022-09-08T13:34:43","guid":{"rendered":"https:\/\/denatuurlijkekapper.nl\/?page_id=11237"},"modified":"2026-03-09T09:16:19","modified_gmt":"2026-03-09T08:16:19","slug":"garantie-und-reklamationen","status":"publish","type":"page","link":"https:\/\/www.denatuurlijkekappershop.nl\/de\/garantie-en-klachten\/","title":{"rendered":"Garantie und Reklamationen"},"content":{"rendered":"<p><strong>Garantie<\/strong><br \/>\nWir k\u00fcmmern uns um unsere Produkte und tun logischerweise unser Bestes, um sie Ihnen in bestem Zustand zu liefern. Trotzdem kommt es manchmal vor, dass eine Bestellung w\u00e4hrend des Transports kaputt geht oder etwas anderes passiert, das einen Garantieanspruch begr\u00fcndet. Gesetzlich sind Sie verpflichtet, uns den Mangel innerhalb von zwei Monaten nach seiner Entdeckung zu melden. F\u00e4llt der Mangel unter die Garantie, sorgen wir f\u00fcr eine kostenlose Reparatur oder einen kostenlosen Ersatz.<\/p>\n<p><strong>Beanstandungen<\/strong><br \/>\nEs kann immer vorkommen, dass etwas nicht ganz so l\u00e4uft wie geplant. Wir empfehlen, dass Sie uns Beschwerden zun\u00e4chst per E-Mail an folgende Adresse melden\u00a0<a href=\"mailto:info@denatuurlijkekapper.nl\">info@denatuurlijkekapper.nl<\/a>. Sollte dies nicht zu einer L\u00f6sung f\u00fchren, besteht die M\u00f6glichkeit, Ihren Streitfall \u00fcber WebwinkelKeur zur Schlichtung einzureichen. <a href=\"https:\/\/www.webwinkelkeur.nl\/kennisbank\/consumenten\/geschil\/\" target=\"_blank\" rel=\"noopener\">https:\/\/www.webwinkelkeur.nl\/kennisbank\/consumenten\/geschil\/<\/a>.<\/p>","protected":false},"excerpt":{"rendered":"<p>Garantie Wij geven om onze producten en doen logischerwijze ons best om deze in topconditie aan u te leveren. Toch komt het wel eens voor dat er een bestelling kapot gaat tijdens transport of dat er iets anders gebeurt waardoor u aanspraak kunt maken op garantie. Wettelijk gezien bent u verplicht om binnen twee maanden [&hellip;]<\/p>\n","protected":false},"author":1,"featured_media":0,"parent":0,"menu_order":0,"comment_status":"closed","ping_status":"closed","template":"","meta":{"_acf_changed":false,"_joinchat":[],"footnotes":""},"class_list":["post-11237","page","type-page","status-publish","hentry"],"acf":[],"_links":{"self":[{"href":"https:\/\/www.denatuurlijkekappershop.nl\/de\/wp-json\/wp\/v2\/pages\/11237","targetHints":{"allow":["GET"]}}],"collection":[{"href":"https:\/\/www.denatuurlijkekappershop.nl\/de\/wp-json\/wp\/v2\/pages"}],"about":[{"href":"https:\/\/www.denatuurlijkekappershop.nl\/de\/wp-json\/wp\/v2\/types\/page"}],"author":[{"embeddable":true,"href":"https:\/\/www.denatuurlijkekappershop.nl\/de\/wp-json\/wp\/v2\/users\/1"}],"replies":[{"embeddable":true,"href":"https:\/\/www.denatuurlijkekappershop.nl\/de\/wp-json\/wp\/v2\/comments?post=11237"}],"version-history":[{"count":2,"href":"https:\/\/www.denatuurlijkekappershop.nl\/de\/wp-json\/wp\/v2\/pages\/11237\/revisions"}],"predecessor-version":[{"id":15649,"href":"https:\/\/www.denatuurlijkekappershop.nl\/de\/wp-json\/wp\/v2\/pages\/11237\/revisions\/15649"}],"wp:attachment":[{"href":"https:\/\/www.denatuurlijkekappershop.nl\/de\/wp-json\/wp\/v2\/media?parent=11237"}],"curies":[{"name":"wp","href":"https:\/\/api.w.org\/{rel}","templated":true}]}}