{"id":11229,"date":"2022-09-08T15:30:54","date_gmt":"2022-09-08T13:30:54","guid":{"rendered":"https:\/\/denatuurlijkekapper.nl\/?page_id=11229"},"modified":"2025-12-10T12:11:23","modified_gmt":"2025-12-10T11:11:23","slug":"lieferzeit-lieferkosten","status":"publish","type":"page","link":"https:\/\/www.denatuurlijkekappershop.nl\/de\/levertijd-verzendkosten\/","title":{"rendered":"Lieferzeiten und Versandkosten"},"content":{"rendered":"<p>Die im Webshop angegebenen Preise enthalten keine Versandkosten. Die Versandkosten sind:<\/p>\n<p><strong>CO2-neutral nach Hause geliefert durch DPD oder PostNL oder Lieferung an einen Parcel Shop (auch DHL) | Lieferzeit: 1-3 Werktage<br \/>\n<\/strong><br \/>\n    <table class=\"shipping-table\">\n        <tbody>\n            <tr>\n                <th>Land<\/th>\n                <th>Versandart<\/th>\n                <th>Versandkosten<\/th>\n            <\/tr>\n            <tr>\n                <td>Niederlande<\/td>\n                <td>Lieferung nach Hause<\/td>\n                <td>\u20ac 6,95<\/td>\n            <\/tr>\n            <tr>\n                <td>Niederlande<\/td>\n                <td>Paketshop<\/td>\n                <td>\u20ac 5,95<\/td>\n            <\/tr>\n            <tr>\n                <td>Belgien<\/td>\n                <td>Lieferung nach Hause<\/td>\n                <td>\u20ac 10,12<\/td>\n            <\/tr>\n            <tr>\n                <td>Deutschland<\/td>\n                <td>Lieferung nach Hause<\/td>\n                <td>\u20ac 10,12<\/td>\n            <\/tr>\n            <tr>\n                <td>Luxemburg<\/td>\n                <td>Lieferung nach Hause<\/td>\n                <td>\u20ac 13,16<\/td>\n            <\/tr>\n        <\/tbody>\n    <\/table>\n    <\/p>\n<p>\u2013 Ab 100 Euro versandkostenfrei innerhalb der Niederlande<\/p>\n<p>Die Abholung im Salon in Alphen aan den Rijn ist kostenlos.<\/p>\n<p>Wir tun unser Bestes, um Ihnen die Bestellung so schnell wie m\u00f6glich zuzustellen. Bestellungen, die an Werktagen vor 15:00 Uhr aufgegeben werden und auf Lager sind, werden noch am selben Tag versandt. Allerdings gelingt uns dies nicht immer. Manchmal sind Produkte nicht vorr\u00e4tig, und dann kann die Lieferung Ihrer Bestellung etwas l\u00e4nger dauern. Auf der Produktseite finden Sie einen Hinweis auf die Lieferzeit, wenn das Produkt vorr\u00e4tig ist.<br \/>\nLeider k\u00f6nnen wir den Zeitpunkt der Lieferung nicht garantieren.<br \/>\nSollten wir aus irgendeinem Grund die angegebene Lieferzeit mit dem Produkt nicht einhalten k\u00f6nnen, werden wir Sie selbstverst\u00e4ndlich so schnell wie m\u00f6glich informieren.<\/p>","protected":false},"excerpt":{"rendered":"<p>De vermelde prijzen in de webshop zijn exclusief verzendkosten. De verzendkosten bedragen: CO2 neutraal thuisbezorgd door DPD of PostNL of levering Parcel Shop (ook DHL) | Levertijd: 1-3 werkdagen &#8211; Vanaf 100 euro gratis verzending binnen Nederland Afhalen bij de salon in Alphen aan den Rijn is kosteloos. Wij doen zorgvuldig ons best de bestelling [&hellip;]<\/p>\n","protected":false},"author":1,"featured_media":0,"parent":0,"menu_order":0,"comment_status":"closed","ping_status":"closed","template":"","meta":{"_acf_changed":false,"_joinchat":[],"footnotes":""},"class_list":["post-11229","page","type-page","status-publish","hentry"],"acf":[],"_links":{"self":[{"href":"https:\/\/www.denatuurlijkekappershop.nl\/de\/wp-json\/wp\/v2\/pages\/11229","targetHints":{"allow":["GET"]}}],"collection":[{"href":"https:\/\/www.denatuurlijkekappershop.nl\/de\/wp-json\/wp\/v2\/pages"}],"about":[{"href":"https:\/\/www.denatuurlijkekappershop.nl\/de\/wp-json\/wp\/v2\/types\/page"}],"author":[{"embeddable":true,"href":"https:\/\/www.denatuurlijkekappershop.nl\/de\/wp-json\/wp\/v2\/users\/1"}],"replies":[{"embeddable":true,"href":"https:\/\/www.denatuurlijkekappershop.nl\/de\/wp-json\/wp\/v2\/comments?post=11229"}],"version-history":[{"count":3,"href":"https:\/\/www.denatuurlijkekappershop.nl\/de\/wp-json\/wp\/v2\/pages\/11229\/revisions"}],"predecessor-version":[{"id":14816,"href":"https:\/\/www.denatuurlijkekappershop.nl\/de\/wp-json\/wp\/v2\/pages\/11229\/revisions\/14816"}],"wp:attachment":[{"href":"https:\/\/www.denatuurlijkekappershop.nl\/de\/wp-json\/wp\/v2\/media?parent=11229"}],"curies":[{"name":"wp","href":"https:\/\/api.w.org\/{rel}","templated":true}]}}